{"id":10703,"date":"2024-06-07T12:34:37","date_gmt":"2024-06-07T12:34:37","guid":{"rendered":"https:\/\/nwademo.space\/ftp.cluster028.hosting.ovh.net\/?page_id=10703"},"modified":"2024-06-07T12:34:37","modified_gmt":"2024-06-07T12:34:37","slug":"politique-de-cookies","status":"publish","type":"page","link":"https:\/\/trustcompany.io\/en\/politique-de-cookies\/","title":{"rendered":"Politique de Cookies"},"content":{"rendered":"<p><strong>Politique de Cookies de Trust Company<\/strong><\/p>\n\n\n\n<p>Derni\u00e8re mise \u00e0 jour : 01 juin 2024<\/p>\n\n\n\n<p><strong>Introduction<\/strong><strong><\/strong><\/p>\n\n\n\n<p>La pr\u00e9sente politique de cookies explique comment Trust Company utilise les cookies et autres technologies similaires pour collecter des informations lorsque vous visitez notre site web, www.trustcompany.io. Cette politique compl\u00e8te fournit des d\u00e9tails sur les types de cookies que nous utilisons, comment nous les utilisons et comment vous pouvez les contr\u00f4ler.<\/p>\n\n\n\n<p><strong>Qu\u2019est-ce qu\u2019un cookie ?<\/strong><strong><\/strong><\/p>\n\n\n\n<p>Un cookie est un petit fichier texte qui est stock\u00e9 sur votre appareil (ordinateur, t\u00e9l\u00e9phone mobile, tablette, etc.) lorsque vous visitez un site web. Les cookies sont largement utilis\u00e9s pour permettre aux sites web de fonctionner de mani\u00e8re efficace et d\u2019am\u00e9liorer l\u2019exp\u00e9rience de navigation des utilisateurs. Ils peuvent \u00e9galement fournir des informations aux propri\u00e9taires du site web pour diverses finalit\u00e9s, telles que l\u2019analyse du trafic, la personnalisation du contenu et la publicit\u00e9 cibl\u00e9e.<\/p>\n\n\n\n<p><strong>Types de cookies utilis<\/strong><strong>\u00e9s par Trust<\/strong><strong> <\/strong><strong>Company<\/strong><strong><\/strong><\/p>\n\n\n\n<p>Trust Company utilise diff\u00e9rents types de cookies sur son site web. Voici une liste des cat\u00e9gories de cookies que nous utilisons, ainsi que leur description :<\/p>\n\n\n\n<p>1. Cookies strictement n\u00e9cessaires : Ces cookies sont essentiels pour vous permettre de naviguer sur le site web et d\u2019utiliser ses fonctionnalit\u00e9s. Ils ne collectent aucune information vous concernant et sont indispensables pour assurer le bon fonctionnement du site.<\/p>\n\n\n\n<p>2. Cookies de performance : Ces cookies collectent des informations sur la mani\u00e8re dont les visiteurs utilisent notre site web, par exemple les pages les plus visit\u00e9es ou les messages d\u2019erreur rencontr\u00e9s. Ces donn\u00e9es nous aident \u00e0 am\u00e9liorer la performance du site et \u00e0 optimiser l\u2019exp\u00e9rience utilisateur.<\/p>\n\n\n\n<p>3. Cookies de fonctionnalit\u00e9 : Ces cookies permettent au site web de se souvenir des choix que vous avez faits (comme votre langue pr\u00e9f\u00e9r\u00e9e) et de fournir des fonctionnalit\u00e9s am\u00e9lior\u00e9es et personnalis\u00e9es. Ils peuvent \u00e9galement \u00eatre utilis\u00e9s pour vous fournir des services tels que le chat en direct ou la lecture de vid\u00e9os.<\/p>\n\n\n\n<p>4. Cookies de ciblage : Ces cookies sont utilis\u00e9s pour vous pr\u00e9senter des publicit\u00e9s pertinentes en fonction de vos int\u00e9r\u00eats. Ils enregistrent votre visite sur notre site web, ainsi que les pages que vous avez consult\u00e9es et les liens que vous avez suivis. Ces informations sont partag\u00e9es avec des tiers, tels que des annonceurs, dans le but de vous pr\u00e9senter des publicit\u00e9s cibl\u00e9es.<\/p>\n\n\n\n<p><strong>Gestion des cookies<\/strong><strong><\/strong><\/p>\n\n\n\n<p>Lorsque vous visitez notre site web pour la premi\u00e8re fois, vous avez la possibilit\u00e9 d\u2019accepter ou de refuser l\u2019utilisation de cookies non essentiels. Vous pouvez modifier vos pr\u00e9f\u00e9rences \u00e0 tout moment en cliquant sur le lien \u201cPr\u00e9f\u00e9rences de cookies\u201d situ\u00e9 en bas de page.<\/p>\n\n\n\n<p>La plupart des navigateurs web acceptent automatiquement les cookies, mais vous pouvez g\u00e9n\u00e9ralement modifier les param\u00e8tres de votre navigateur pour refuser les cookies si vous le pr\u00e9f\u00e9rez. Toutefois, veuillez noter que certaines fonctionnalit\u00e9s de notre site web peuvent ne pas fonctionner correctement si vous d\u00e9sactivez les cookies.<\/p>\n\n\n\n<p><strong>Vos droits<\/strong><strong><\/strong><\/p>\n\n\n\n<p>Vous avez le droit de demander l\u2019acc\u00e8s, la rectification, la suppression ou la limitation du traitement de vos donn\u00e9es personnelles. Vous avez \u00e9galement le droit de vous opposer au traitement de vos donn\u00e9es personnelles \u00e0 des fins de marketing direct. Pour exercer ces droits, veuillez nous contacter \u00e0 l\u2019adresse indiqu\u00e9e dans la section \u201cNous contacter\u201d ci-dessous.<\/p>\n\n\n\n<p><strong>Modifications de la politique de cookies<\/strong><strong><\/strong><\/p>\n\n\n\n<p>TrustCompany se r\u00e9serve le droit de modifier cette politique de cookies \u00e0 tout moment. Toute modification sera effective d\u00e8s sa publication sur notre site web. Nous vous encourageons \u00e0 consulter r\u00e9guli\u00e8rement cette politique pour vous tenir inform\u00e9 des \u00e9ventuelles mises \u00e0 jour.<\/p>\n\n\n\n<p><strong>Nous contacter<\/strong><strong><\/strong><\/p>\n\n\n\n<p>Si vous avez des questions ou des pr\u00e9occupations concernant notre politique de cookies, veuillez nous contacter \u00e0 l\u2019adresse suivante : info@trustcompany.io<\/p>","protected":false},"excerpt":{"rendered":"<p>Politique de Cookies de Trust Company Derni\u00e8re mise \u00e0 jour : 01 juin 2024 Introduction La pr\u00e9sente politique de cookies explique comment Trust Company utilise les cookies et autres technologies similaires pour collecter des informations lorsque vous visitez notre site web, www.trustcompany.io. Cette politique compl\u00e8te fournit des d\u00e9tails sur les types de cookies que nous [&hellip;]<\/p>\n","protected":false},"author":1,"featured_media":0,"parent":0,"menu_order":0,"comment_status":"closed","ping_status":"closed","template":"","meta":{"footnotes":""},"class_list":["post-10703","page","type-page","status-publish","hentry"],"_links":{"self":[{"href":"https:\/\/trustcompany.io\/en\/wp-json\/wp\/v2\/pages\/10703","targetHints":{"allow":["GET"]}}],"collection":[{"href":"https:\/\/trustcompany.io\/en\/wp-json\/wp\/v2\/pages"}],"about":[{"href":"https:\/\/trustcompany.io\/en\/wp-json\/wp\/v2\/types\/page"}],"author":[{"embeddable":true,"href":"https:\/\/trustcompany.io\/en\/wp-json\/wp\/v2\/users\/1"}],"replies":[{"embeddable":true,"href":"https:\/\/trustcompany.io\/en\/wp-json\/wp\/v2\/comments?post=10703"}],"version-history":[{"count":0,"href":"https:\/\/trustcompany.io\/en\/wp-json\/wp\/v2\/pages\/10703\/revisions"}],"wp:attachment":[{"href":"https:\/\/trustcompany.io\/en\/wp-json\/wp\/v2\/media?parent=10703"}],"curies":[{"name":"wp","href":"https:\/\/api.w.org\/{rel}","templated":true}]}}