{"id":5876,"date":"2015-06-29T08:47:43","date_gmt":"2015-06-29T08:47:43","guid":{"rendered":"http:\/\/wedesignthemes.com\/themes\/testdata\/?page_id=4541"},"modified":"2024-07-02T18:17:27","modified_gmt":"2024-07-02T16:17:27","slug":"inscription","status":"publish","type":"page","link":"https:\/\/trustcompany.io\/en\/inscription\/","title":{"rendered":"Inscription"},"content":{"rendered":"<div class=\"wpb-content-wrapper\"><div class=\"vc_row wpb_row vc_row-fluid\"><div class=\"wpb_column vc_column_container vc_col-sm-12\"><div class=\"vc_column-inner\"><div class=\"wpb_wrapper\"><div class=\"ult-spacer spacer-69f374ce8ee04\" data-id=\"69f374ce8ee04\" data-height=\"10\" data-height-mobile=\"10\" data-height-tab=\"10\" data-height-tab-portrait=\"\" data-height-mobile-landscape=\"\" style=\"clear:both;display:block;\"><\/div><div class='dt-sc-title script-with-sub-title aligncenter'><h2>Inscrivez-vous <strong>d\u00e8s maintenant<\/strong><\/h2><h5>Cr\u00e9ez un compte Trust Company et acc\u00e9dez \u00e0 nos ventes ouvertes !<\/h5><\/div><div class='dt-sc-hr-invisible-xsmall'> <\/div><\/div><\/div><\/div><div class=\"wpb_column vc_column_container vc_col-sm-4\"><div class=\"vc_column-inner\"><div class=\"wpb_wrapper\"><div class='dt-sc-pr-tb-col type1'><div class=\"dt-sc-tb-header\"><div class=\"dt-sc-tb-title\"><h5>Basic<\/h5><p>La solution 100% gratuite<\/p><\/div><div class=\"dt-sc-price\"><h6> <sup>\u20ac<\/sup>0<\/h6><\/div><\/div><ul class=\"dt-sc-tb-content\">\n<li>Cr\u00e9ation d\u2019un compte Trust Company<\/li>\n<li>Acc\u00e8s partiel aux annonces<\/li>\n<li>Possibilit\u00e9 de publier des annonces<\/li>\n<li>Service Client<\/li>\n<\/ul><div class=\"dt-sc-buy-now\"><a class='dt-sc-button' target='_blank' href='https:\/\/trustcompany.io\/en\/inscription\/basic\/'>S'inscrire<\/a><\/div><\/div><\/div><\/div><\/div><div class=\"wpb_column vc_column_container vc_col-sm-4\"><div class=\"vc_column-inner\"><div class=\"wpb_wrapper\"><div class='dt-sc-pr-tb-col type1'><div class=\"dt-sc-tb-header\"><div class=\"dt-sc-tb-title\"><h5>Plus<\/h5><p>Votre acc\u00e8s Premium<\/p><\/div><div class=\"dt-sc-price\"><h6> <sup>\u20ac<\/sup>24<sup>.99<\/sup><span> \/ Mois <\/span><\/h6><\/div><\/div><ul class=\"dt-sc-tb-content\">\n<li>Cr\u00e9ation d\u2019un compte Trust Company<\/li>\n<li>Acc\u00e8s aux annonces + prix de vente<\/li>\n<li>Possibilit\u00e9 de publier des annonces<\/li>\n<li>Support Prioritaire<\/li>\n<\/ul><div class=\"dt-sc-buy-now\"><a class='dt-sc-button' target='_blank' href='https:\/\/trustcompany.io\/en\/inscription\/plus\/'>S'inscrire<\/a><\/div><\/div><\/div><\/div><\/div><div class=\"wpb_column vc_column_container vc_col-sm-4\"><div class=\"vc_column-inner\"><div class=\"wpb_wrapper\"><div class='dt-sc-pr-tb-col type1'><div class=\"dt-sc-tb-header\"><div class=\"dt-sc-tb-title\"><h5>Pro<\/h5><p>D\u00e9bloquez 100% de votre potentiel<\/p><\/div><div class=\"dt-sc-price\"><h6> <sup>\u20ac<\/sup>49<sup>.99<\/sup><span> \/ Mois <\/span><\/h6><\/div><\/div><ul class=\"dt-sc-tb-content\">\n<li>Cr\u00e9ation d\u2019un compte Trust Company<\/li>\n<li>Acc\u00e9dez \u00e0 100% des annonces<\/li>\n<li>Publication d\u2019annonce assist\u00e9e par IA<\/li>\n<li>Support Premium<\/li>\n<\/ul><div class=\"dt-sc-buy-now\"><a class='dt-sc-button' target='_blank' href='https:\/\/trustcompany.io\/en\/inscription\/pro\/'>S'inscrire<\/a><\/div><\/div><\/div><\/div><\/div><div class=\"wpb_column vc_column_container vc_col-sm-12\"><div class=\"vc_column-inner\"><div class=\"wpb_wrapper\"><div class='dt-sc-hr-invisible-medium'> <\/div><\/div><\/div><\/div><\/div>\n<\/div>","protected":false},"excerpt":{"rendered":"Inscrivez-vous d\u00e8s maintenantCr\u00e9ez un compte Trust Company et acc\u00e9dez \u00e0 nos ventes ouvertes ! BasicLa solution 100% gratuite \u20ac0 Cr\u00e9ation d'un compte Trust Company Acc\u00e8s partiel aux annonces Possibilit\u00e9 de publier des annonces Service Client S'inscrirePlusVotre acc\u00e8s Premium \u20ac24.99 \/ Mois Cr\u00e9ation d\u2019un compte Trust Company Acc\u00e8s aux annonces + prix de vente Possibilit\u00e9 de [...]","protected":false},"author":1,"featured_media":0,"parent":0,"menu_order":0,"comment_status":"open","ping_status":"closed","template":"","meta":{"footnotes":""},"class_list":["post-5876","page","type-page","status-publish","hentry"],"_links":{"self":[{"href":"https:\/\/trustcompany.io\/en\/wp-json\/wp\/v2\/pages\/5876","targetHints":{"allow":["GET"]}}],"collection":[{"href":"https:\/\/trustcompany.io\/en\/wp-json\/wp\/v2\/pages"}],"about":[{"href":"https:\/\/trustcompany.io\/en\/wp-json\/wp\/v2\/types\/page"}],"author":[{"embeddable":true,"href":"https:\/\/trustcompany.io\/en\/wp-json\/wp\/v2\/users\/1"}],"replies":[{"embeddable":true,"href":"https:\/\/trustcompany.io\/en\/wp-json\/wp\/v2\/comments?post=5876"}],"version-history":[{"count":17,"href":"https:\/\/trustcompany.io\/en\/wp-json\/wp\/v2\/pages\/5876\/revisions"}],"predecessor-version":[{"id":11566,"href":"https:\/\/trustcompany.io\/en\/wp-json\/wp\/v2\/pages\/5876\/revisions\/11566"}],"wp:attachment":[{"href":"https:\/\/trustcompany.io\/en\/wp-json\/wp\/v2\/media?parent=5876"}],"curies":[{"name":"wp","href":"https:\/\/api.w.org\/{rel}","templated":true}]}}