{"id":6142,"date":"2016-07-18T20:09:23","date_gmt":"2016-07-18T20:09:23","guid":{"rendered":"http:\/\/dummy.wedesignthemes.com\/kriya\/?page_id=6142"},"modified":"2024-06-08T03:21:35","modified_gmt":"2024-06-08T01:21:35","slug":"confort","status":"publish","type":"page","link":"https:\/\/trustcompany.io\/en\/secteurs\/confort\/","title":{"rendered":"Comfort Goods"},"content":{"rendered":"<div class=\"wpb-content-wrapper\"><div class=\"vc_row wpb_row vc_row-fluid wpb_animate_when_almost_visible wpb_fadeInUp fadeInUp\"><div class=\"wpb_column vc_column_container vc_col-sm-12\"><div class=\"vc_column-inner\"><div class=\"wpb_wrapper\"><div class='dt-sc-title script-with-sub-title no-margin-bottom'><h2>Consumer <strong>Goods<\/strong><\/h2><h3><\/h3><\/div><div class=\"ult-spacer spacer-69f3777f55713\" data-id=\"69f3777f55713\" data-height=\"25\" data-height-mobile=\"25\" data-height-tab=\"25\" data-height-tab-portrait=\"\" data-height-mobile-landscape=\"\" style=\"clear:both;display:block;\"><\/div>\n\t<div class=\"wpb_text_column wpb_content_element\" >\n\t\t<div class=\"wpb_wrapper\">\n\t\t\t<p>Chez TRUST COMPANY, nous sommes fiers de fournir une large gamme de produits essentiels au d\u00e9veloppement \u00e9conomique de l\u2019Afrique. En tant que leaders dans le commerce international, nous nous sp\u00e9cialisons dans l\u2019importation des 10 produits les plus demand\u00e9s sur le continent africain.<\/p>\n\n\t\t<\/div>\n\t<\/div>\n<\/div><\/div><\/div><\/div><div class=\"vc_row wpb_row vc_row-fluid wpb_animate_when_almost_visible wpb_fadeInUp fadeInUp vc_row-o-equal-height vc_row-o-content-middle vc_row-flex\"><div class=\"wpb_column vc_column_container vc_col-sm-2\"><div class=\"vc_column-inner vc_custom_1497600643806\"><div class=\"wpb_wrapper\"><\/div><\/div><\/div><div class=\"wpb_column vc_column_container vc_col-sm-8\"><div class=\"vc_column-inner\"><div class=\"wpb_wrapper\">\n\t<div class=\"wpb_raw_code wpb_content_element wpb_raw_html\" >\n\t\t<div class=\"wpb_wrapper\">\n\t\t\t<script src=\"https:\/\/unpkg.com\/@dotlottie\/player-component@latest\/dist\/dotlottie-player.mjs\" type=\"module\"><\/script><dotlottie-player src=\"https:\/\/lottie.host\/aff523ca-1d78-4073-a1de-6c9906020d6e\/NwbO6lSZ2D.json\" background=\"transparent\" speed=\"1\" style=\"width: 500px; height: 500px\" direction=\"1\" playmode=\"normal\" loop autoplay><\/dotlottie-player>\n\t\t<\/div>\n\t<\/div>\n<\/div><\/div><\/div><div class=\"wpb_column vc_column_container vc_col-sm-2\"><div class=\"vc_column-inner\"><div class=\"wpb_wrapper\"><\/div><\/div><\/div><\/div><div class=\"vc_row wpb_row vc_row-fluid wpb_animate_when_almost_visible wpb_fadeInUp fadeInUp\"><div class=\"wpb_column vc_column_container vc_col-sm-12\"><div class=\"vc_column-inner\"><div class=\"wpb_wrapper\"><div class=\"ult-spacer spacer-69f3777f56682\" data-id=\"69f3777f56682\" data-height=\"50\" data-height-mobile=\"50\" data-height-tab=\"50\" data-height-tab-portrait=\"\" data-height-mobile-landscape=\"\" style=\"clear:both;display:block;\"><\/div><div class='dt-sc-title script-with-sub-title no-margin-bottom'><h3>Negotiated <strong>Products:<\/strong><\/h3><h3><\/h3><\/div><div class=\"ult-spacer spacer-69f3777f566a4\" data-id=\"69f3777f566a4\" data-height=\"30\" data-height-mobile=\"30\" data-height-tab=\"30\" data-height-tab-portrait=\"\" data-height-mobile-landscape=\"\" style=\"clear:both;display:block;\"><\/div><div class='dt-sc-toggle-frame-set type2'><h5 class='dt-sc-toggle-accordion'><a href='#'>Cars \/ Vehicules<\/a><\/h5><div class=\"dt-sc-toggle-content\" style=\"display: none;\"><div class=\"block\"><\/div><\/div><h5 class='dt-sc-toggle-accordion'><a href='#'>Computers<\/a><\/h5><div class=\"dt-sc-toggle-content\" style=\"display: none;\"><div class=\"block\"><\/div><\/div><h5 class='dt-sc-toggle-accordion'><a href='#'>Fashion &amp; Accessories<\/a><\/h5><div class=\"dt-sc-toggle-content\" style=\"display: none;\"><div class=\"block\"><\/div><\/div><h5 class='dt-sc-toggle-accordion'><a href='#'>Medicine and medical equipment<\/a><\/h5><div class=\"dt-sc-toggle-content\" style=\"display: none;\"><div class=\"block\"><\/div><\/div><h5 class='dt-sc-toggle-accordion'><a href='#'>Phones \/ Mobile Phones<\/a><\/h5><div class=\"dt-sc-toggle-content\" style=\"display: none;\"><div class=\"block\"><\/div><\/div><h5 class='dt-sc-toggle-accordion'><a href='#'>Stationery<\/a><\/h5><div class=\"dt-sc-toggle-content\" style=\"display: none;\"><div class=\"block\"><\/div><\/div><h5 class='dt-sc-toggle-accordion'><a href='#'>Food<\/a><\/h5><div class=\"dt-sc-toggle-content\" style=\"display: none;\"><div class=\"block\"><\/div><\/div><h5 class='dt-sc-toggle-accordion'><a href='#'>Electronics<\/a><\/h5><div class=\"dt-sc-toggle-content\" style=\"display: none;\"><div class=\"block\"><\/div><\/div><h5 class='dt-sc-toggle-accordion'><a href='#'>Engineering products<\/a><\/h5><div class=\"dt-sc-toggle-content\" style=\"display: none;\"><div class=\"block\"><\/div><\/div><h5 class='dt-sc-toggle-accordion'><a href='#'>Chimical products<\/a><\/h5><div class=\"dt-sc-toggle-content\" style=\"display: none;\"><div class=\"block\"><\/div><\/div><\/div><div class=\"ult-spacer spacer-69f3777f56928\" data-id=\"69f3777f56928\" data-height=\"30\" data-height-mobile=\"30\" data-height-tab=\"30\" data-height-tab-portrait=\"\" data-height-mobile-landscape=\"\" style=\"clear:both;display:block;\"><\/div><\/div><\/div><\/div><\/div><div class=\"vc_row wpb_row vc_row-fluid wpb_animate_when_almost_visible wpb_fadeInUp fadeInUp vc_custom_1503992442363\"><div class=\"wpb_column vc_column_container vc_col-sm-12\"><div class=\"vc_column-inner\"><div class=\"wpb_wrapper\"><div class=\"ult-spacer spacer-69f3777f56c0d\" data-id=\"69f3777f56c0d\" data-height=\"30\" data-height-mobile=\"30\" data-height-tab=\"30\" data-height-tab-portrait=\"\" data-height-mobile-landscape=\"\" style=\"clear:both;display:block;\"><\/div>\n\t<div class=\"wpb_text_column wpb_content_element\" >\n\t\t<div class=\"wpb_wrapper\">\n\t\t\t<p>Due to our extensive logistics network and expertise in negotiation and compliance, we ensure fast and secure deliveries supported by advanced technologies such as blockchain to guarantee the traceability and transparency of each transaction. This diversification of our portfolio strengthens our commitment to driving economic growth and meeting the critical needs of our African partners.<\/p>\n\n\t\t<\/div>\n\t<\/div>\n<\/div><\/div><\/div><\/div>\n<\/div>","protected":false},"excerpt":{"rendered":"Produits de Confort Chez TRUST COMPANY, nous sommes fiers de fournir une large gamme de produits essentiels au d\u00e9veloppement \u00e9conomique de l'Afrique. En tant que leaders dans le commerce international, nous nous sp\u00e9cialisons dans l'importation des 10 produits les plus demand\u00e9s sur le continent africain. Produits N\u00e9goci\u00e9s:VoituresOrdinateursV\u00eatements et accessoiresM\u00e9dicaments et mat\u00e9riel m\u00e9dicalT\u00e9l\u00e9phonesPap\u00e8terieDenr\u00e9es alimentairesAppareils \u00e9lectroniquesProduits d\u2019ing\u00e9nierieProduits [...]","protected":false},"author":1,"featured_media":0,"parent":8848,"menu_order":0,"comment_status":"closed","ping_status":"closed","template":"tpl-sidenavigation.php","meta":{"footnotes":""},"class_list":["post-6142","page","type-page","status-publish","hentry"],"_links":{"self":[{"href":"https:\/\/trustcompany.io\/en\/wp-json\/wp\/v2\/pages\/6142","targetHints":{"allow":["GET"]}}],"collection":[{"href":"https:\/\/trustcompany.io\/en\/wp-json\/wp\/v2\/pages"}],"about":[{"href":"https:\/\/trustcompany.io\/en\/wp-json\/wp\/v2\/types\/page"}],"author":[{"embeddable":true,"href":"https:\/\/trustcompany.io\/en\/wp-json\/wp\/v2\/users\/1"}],"replies":[{"embeddable":true,"href":"https:\/\/trustcompany.io\/en\/wp-json\/wp\/v2\/comments?post=6142"}],"version-history":[{"count":1,"href":"https:\/\/trustcompany.io\/en\/wp-json\/wp\/v2\/pages\/6142\/revisions"}],"predecessor-version":[{"id":10981,"href":"https:\/\/trustcompany.io\/en\/wp-json\/wp\/v2\/pages\/6142\/revisions\/10981"}],"up":[{"embeddable":true,"href":"https:\/\/trustcompany.io\/en\/wp-json\/wp\/v2\/pages\/8848"}],"wp:attachment":[{"href":"https:\/\/trustcompany.io\/en\/wp-json\/wp\/v2\/media?parent=6142"}],"curies":[{"name":"wp","href":"https:\/\/api.w.org\/{rel}","templated":true}]}}