{"id":6152,"date":"2016-07-18T20:34:48","date_gmt":"2016-07-18T20:34:48","guid":{"rendered":"http:\/\/dummy.wedesignthemes.com\/kriya\/?page_id=6152"},"modified":"2024-06-12T01:25:17","modified_gmt":"2024-06-11T23:25:17","slug":"carburants","status":"publish","type":"page","link":"https:\/\/trustcompany.io\/en\/secteurs\/carburants\/","title":{"rendered":"Hydrocarb. &amp; Petrol"},"content":{"rendered":"<div class=\"wpb-content-wrapper\"><div class=\"vc_row wpb_row vc_row-fluid wpb_animate_when_almost_visible wpb_fadeInUp fadeInUp\"><div class=\"wpb_column vc_column_container vc_col-sm-12\"><div class=\"vc_column-inner\"><div class=\"wpb_wrapper\"><div class='dt-sc-title script-with-sub-title no-margin-bottom'><h2>Trading <strong>fuel<\/strong> and hydrocarbons.<\/h2><h3><\/h3><\/div><div class=\"ult-spacer spacer-69f374cf809ca\" data-id=\"69f374cf809ca\" data-height=\"25\" data-height-mobile=\"25\" data-height-tab=\"25\" data-height-tab-portrait=\"\" data-height-mobile-landscape=\"\" style=\"clear:both;display:block;\"><\/div>\n\t<div class=\"wpb_text_column wpb_content_element\" >\n\t\t<div class=\"wpb_wrapper\">\n\t\t\t<p>Chez Trust Company, nous sommes sp\u00e9cialis\u00e9s dans le commerce des carburants et des hydrocarbures. Notre \u00e9quipe d\u2019experts peut vous aider \u00e0 trouver des fournisseurs, \u00e0 n\u00e9gocier des contrats \u00e0 des tarifs tr\u00e8s concurrentiels et \u00e0 assurer une livraison en temps opportun. Gr\u00e2ce \u00e0 notre vaste r\u00e9seau, nous pouvons vous aider \u00e0 optimiser votre cha\u00eene d\u2019approvisionnement et \u00e0 maximiser vos profits.<\/p>\n\n\t\t<\/div>\n\t<\/div>\n<\/div><\/div><\/div><\/div><div class=\"vc_row wpb_row vc_row-fluid wpb_animate_when_almost_visible wpb_fadeInUp fadeInUp vc_row-o-equal-height vc_row-o-content-middle vc_row-flex\"><div class=\"wpb_column vc_column_container vc_col-sm-2\"><div class=\"vc_column-inner vc_custom_1497600470358\"><div class=\"wpb_wrapper\"><\/div><\/div><\/div><div class=\"wpb_column vc_column_container vc_col-sm-8\"><div class=\"vc_column-inner\"><div class=\"wpb_wrapper\">\n\t<div class=\"wpb_raw_code wpb_content_element wpb_raw_html\" >\n\t\t<div class=\"wpb_wrapper\">\n\t\t\t<script src=\"https:\/\/unpkg.com\/@dotlottie\/player-component@latest\/dist\/dotlottie-player.mjs\" type=\"module\"><\/script><dotlottie-player src=\"https:\/\/lottie.host\/d829cd2b-a74f-4112-9643-ca13e14286ca\/C4Ubx28hcz.json\" background=\"transparent\" speed=\"1\" style=\"width: 500; height: 500\" direction=\"1\" playmode=\"normal\" loop autoplay><\/dotlottie-player>\n\t\t<\/div>\n\t<\/div>\n<\/div><\/div><\/div><div class=\"wpb_column vc_column_container vc_col-sm-2\"><div class=\"vc_column-inner\"><div class=\"wpb_wrapper\"><\/div><\/div><\/div><\/div><div class=\"vc_row wpb_row vc_row-fluid wpb_animate_when_almost_visible wpb_fadeInUp fadeInUp\"><div class=\"wpb_column vc_column_container vc_col-sm-12\"><div class=\"vc_column-inner\"><div class=\"wpb_wrapper\"><div class=\"ult-spacer spacer-69f374cf81e50\" data-id=\"69f374cf81e50\" data-height=\"50\" data-height-mobile=\"50\" data-height-tab=\"50\" data-height-tab-portrait=\"\" data-height-mobile-landscape=\"\" style=\"clear:both;display:block;\"><\/div><div class='dt-sc-title script-with-sub-title no-margin-bottom'><h3><strong>Negotiated <\/strong>Products:<\/h3><h3><\/h3><\/div><div class=\"ult-spacer spacer-69f374cf81e7d\" data-id=\"69f374cf81e7d\" data-height=\"30\" data-height-mobile=\"30\" data-height-tab=\"30\" data-height-tab-portrait=\"\" data-height-mobile-landscape=\"\" style=\"clear:both;display:block;\"><\/div><div class='dt-sc-toggle-frame-set type2'><h5 class='dt-sc-toggle-accordion'><a href='#'>DIESEL EN-590 10PPM<\/a><\/h5><div class=\"dt-sc-toggle-content\" style=\"display: none;\"><div class=\"block\"><div class=\"wpb_text_column wpb_content_element\" >\n\t\t<div class=\"wpb_wrapper\">\n\t\t\t<div id=\"bgLayers_comp-lu0e43wg__item1\" class=\"MW5IWV\" data-hook=\"bgLayers\" data-motion-part=\"BG_LAYER\"><\/div>\n<div data-hook=\"bgLayers\" data-motion-part=\"BG_LAYER\"><img loading=\"lazy\" decoding=\"async\" class=\"wp-image-11023 alignleft\" src=\"https:\/\/trustcompany.io\/wp-content\/uploads\/2024\/06\/pistolet-rouge.webp\" alt=\"\" width=\"65\" height=\"55\" \/><\/div>\n<div data-hook=\"bgLayers\" data-motion-part=\"BG_LAYER\"><\/div>\n<div class=\"\" data-mesh-id=\"comp-lu0e43wg__item1inlineContent\" data-testid=\"inline-content\">\n<div data-mesh-id=\"comp-lu0e43wg__item1inlineContent-gridContainer\" data-testid=\"mesh-container-content\">\n<div id=\"comp-lu0e43wo3__item1\" class=\"HcOXKn c9GqVL QxJLC3 comp-lu0e43wo3 wixui-rich-text\" data-testid=\"richTextElement\">\n<p class=\"font_5 wixui-rich-text__text\">La norme EN590 (10PPM ULSD) a \u00e9t\u00e9 introduite parall\u00e8lement aux normes europ\u00e9ennes d\u2019\u00e9mission. \u00c0 chacune de ses r\u00e9visions, la norme EN 590 a \u00e9t\u00e9 adapt\u00e9e pour r\u00e9duire la teneur en soufre du carburant diesel. Depuis 2007, on l\u2019appelle diesel \u00e0 tr\u00e8s faible teneur en soufre, car l\u2019ancienne fonction du soufre en tant que lubrifiant est absente.<\/p>\n<\/div>\n<div id=\"comp-lu0e43wq__item1\" class=\"HcOXKn c9GqVL QxJLC3 comp-lu0e43wq wixui-rich-text\" data-testid=\"richTextElement\">\n<p class=\"font_8 wixui-rich-text__text\"><span class=\"wixui-rich-text__text\"><span class=\"wixGuard wixui-rich-text__text\">\u200b<\/span><\/span><\/p>\n<\/div>\n<\/div>\n<\/div>\n\n\t\t<\/div>\n\t<\/div>\n<a href='https:\/\/trustcompany.io\/wp-content\/uploads\/2024\/06\/355e6f_b8bb5af8962643ffb3abac853607ce37.pdf' target='_blank' title='' class='dt-sc-button   small   blue' > PDF Normes <\/a><div class=\"ult-spacer spacer-69f374cf82132\" data-id=\"69f374cf82132\" data-height=\"10\" data-height-mobile=\"10\" data-height-tab=\"10\" data-height-tab-portrait=\"\" data-height-mobile-landscape=\"\" style=\"clear:both;display:block;\"><\/div><\/div><\/div><h5 class='dt-sc-toggle-accordion'><a href='#'>JET A1<\/a><\/h5><div class=\"dt-sc-toggle-content\" style=\"display: none;\"><div class=\"block\"><div class=\"wpb_text_column wpb_content_element\" >\n\t\t<div class=\"wpb_wrapper\">\n\t\t\t<div id=\"bgLayers_comp-lu0e43wg__item1\" class=\"MW5IWV\" data-hook=\"bgLayers\" data-motion-part=\"BG_LAYER\"><\/div>\n<div data-hook=\"bgLayers\" data-motion-part=\"BG_LAYER\"><img loading=\"lazy\" decoding=\"async\" class=\"wp-image-11026 alignleft\" src=\"https:\/\/trustcompany.io\/wp-content\/uploads\/2024\/06\/pistolet-jaune.webp\" alt=\"\" width=\"65\" height=\"55\" \/><\/div>\n<div data-hook=\"bgLayers\" data-motion-part=\"BG_LAYER\"><\/div>\n<div class=\"\" data-mesh-id=\"comp-lu0e43wg__item1inlineContent\" data-testid=\"inline-content\">\n<div data-mesh-id=\"comp-lu0e43wg__item1inlineContent-gridContainer\" data-testid=\"mesh-container-content\">\n<div id=\"comp-lu0e43wo3__item1\" class=\"HcOXKn c9GqVL QxJLC3 comp-lu0e43wo3 wixui-rich-text\" data-testid=\"richTextElement\">\n<p class=\"font_5 wixui-rich-text__text\">Aviation Turbine Fuel ( ATF ) or Avtur is a type of fuel designed for use in aircraft powered by gas turbine engines.<\/p>\n<p class=\"font_5 wixui-rich-text__text\">Its appearance is clear to chaff.<\/p>\n<p class=\"font_5 wixui-rich-text__text\">The fuels most commonly used for commercial aviation are Jet A and Jet A-1, which are produced to standardized international specifications. In the refining process, only 8% of crude oil is jet fuel.<\/p>\n<\/div>\n<div id=\"comp-lu0e43wq__item1\" class=\"HcOXKn c9GqVL QxJLC3 comp-lu0e43wq wixui-rich-text\" data-testid=\"richTextElement\">\n<p class=\"font_8 wixui-rich-text__text\"><span class=\"wixui-rich-text__text\"><span class=\"wixGuard wixui-rich-text__text\">\u200b<\/span><\/span><\/p>\n<\/div>\n<\/div>\n<\/div>\n\n\t\t<\/div>\n\t<\/div>\n<a href='#' target='_self' title='' class='dt-sc-button   small   blue' > PDF Normes <\/a><div class=\"ult-spacer spacer-69f374cf82294\" data-id=\"69f374cf82294\" data-height=\"10\" data-height-mobile=\"10\" data-height-tab=\"10\" data-height-tab-portrait=\"\" data-height-mobile-landscape=\"\" style=\"clear:both;display:block;\"><\/div><\/div><\/div><h5 class='dt-sc-toggle-accordion'><a href='#'>GAZ-OIL D2<\/a><\/h5><div class=\"dt-sc-toggle-content\" style=\"display: none;\"><div class=\"block\"><div class=\"wpb_text_column wpb_content_element\" >\n\t\t<div class=\"wpb_wrapper\">\n\t\t\t<p><img loading=\"lazy\" decoding=\"async\" class=\"wp-image-11029 alignleft\" src=\"https:\/\/trustcompany.io\/wp-content\/uploads\/2024\/06\/pistolet-bleu.webp\" alt=\"\" width=\"65\" height=\"55\" \/><\/p>\n<p>D2 is a refinery abbreviation for Gasoil. It is the second distillate of crude oil and can be used without reformers or additives. The main difference between GASOIL and D2 is the sulfur content.<\/p>\n<p>\u00a0<\/p>\n<p>L\u2019ISO dispose d\u2019une norme pour le D2 que la plupart des compagnies p\u00e9troli\u00e8res utilisent comme r\u00e9f\u00e9rence.<\/p>\n\n\t\t<\/div>\n\t<\/div>\n<a href='#' target='_self' title='' class='dt-sc-button   small   blue' > PDF Normes <\/a><div class=\"ult-spacer spacer-69f374cf823ae\" data-id=\"69f374cf823ae\" data-height=\"10\" data-height-mobile=\"10\" data-height-tab=\"10\" data-height-tab-portrait=\"\" data-height-mobile-landscape=\"\" style=\"clear:both;display:block;\"><\/div><\/div><\/div><h5 class='dt-sc-toggle-accordion'><a href='#'>VIRGIN FUEL D6<\/a><\/h5><div class=\"dt-sc-toggle-content\" style=\"display: none;\"><div class=\"block\"><div class=\"wpb_text_column wpb_content_element\" >\n\t\t<div class=\"wpb_wrapper\">\n\t\t\t<p><img loading=\"lazy\" decoding=\"async\" class=\"wp-image-11030 alignleft\" src=\"https:\/\/trustcompany.io\/wp-content\/uploads\/2024\/06\/pistolet-vert.webp\" alt=\"\" width=\"64\" height=\"54\" \/><\/p>\n<p>D6 is also known as residual fuel oil and is highly viscous. It requires preheating to 220 - 260 degrees Fahrenheit.<\/p>\n<p>D6 is mainly used for generators. D6 is a type of residual fuel, mainly used in power plants and large ships. The fuel must be preheated before it can be used.<\/p>\n\n\t\t<\/div>\n\t<\/div>\n<a href='#' target='_self' title='' class='dt-sc-button   small   blue' > PDF Normes <\/a><div class=\"ult-spacer spacer-69f374cf824b9\" data-id=\"69f374cf824b9\" data-height=\"10\" data-height-mobile=\"10\" data-height-tab=\"10\" data-height-tab-portrait=\"\" data-height-mobile-landscape=\"\" style=\"clear:both;display:block;\"><\/div><\/div><\/div><h5 class='dt-sc-toggle-accordion'><a href='#'>LIQUEFIED PETROLEUM GAS ( LPG )<\/a><\/h5><div class=\"dt-sc-toggle-content\" style=\"display: none;\"><div class=\"block\"><div class=\"wpb_text_column wpb_content_element\" >\n\t\t<div class=\"wpb_wrapper\">\n\t\t\t<p><img loading=\"lazy\" decoding=\"async\" class=\"wp-image-11032 alignleft\" src=\"https:\/\/trustcompany.io\/wp-content\/uploads\/2024\/06\/pistolet-rose.webp\" alt=\"\" width=\"65\" height=\"55\" \/><\/p>\n<p>\u00a0<\/p>\n<p>(Liquefied Petroleum Gas) is mainly composed of propane and butanes, either separately or in various ratios and mixtures of each product.<\/p>\n<p>LPG is a by-product of crude oil production (Associated Gas) and a by-product of natural gas production (Non Associated Gas).<\/p>\n\n\t\t<\/div>\n\t<\/div>\n<a href='#' target='_self' title='' class='dt-sc-button   small   blue' > PDF Normes <\/a><div class=\"ult-spacer spacer-69f374cf825bf\" data-id=\"69f374cf825bf\" data-height=\"10\" data-height-mobile=\"10\" data-height-tab=\"10\" data-height-tab-portrait=\"\" data-height-mobile-landscape=\"\" style=\"clear:both;display:block;\"><\/div><\/div><\/div><h5 class='dt-sc-toggle-accordion'><a href='#'>LIQUEFIED NATURAL GAS ( LNG )<\/a><\/h5><div class=\"dt-sc-toggle-content\" style=\"display: none;\"><div class=\"block\"><div class=\"wpb_text_column wpb_content_element\" >\n\t\t<div class=\"wpb_wrapper\">\n\t\t\t<p><img loading=\"lazy\" decoding=\"async\" class=\"wp-image-11023 alignleft\" src=\"https:\/\/trustcompany.io\/wp-content\/uploads\/2024\/06\/pistolet-rouge.webp\" alt=\"\" width=\"65\" height=\"55\" \/><\/p>\n<p>\u00a0<\/p>\n<p>Naturel Liqu\u00e9fi\u00e9 (GNL) est du gaz naturel refroidi \u00e0 moins 161\u00b0C jusqu\u2019\u00e0 ce qu\u2019il devienne liquide.<\/p>\n<p>\u00a0<\/p>\n<p>Il est stock\u00e9 sous pression atmosph\u00e9rique et r\u00e9duit en volume dans un rapport de 1:600. Son transport est plus facile et moins co\u00fbteux, en particulier l\u00e0 o\u00f9 l\u2019acc\u00e8s aux pipelines n\u2019est pas disponible.<\/p>\n\n\t\t<\/div>\n\t<\/div>\n<a href='#' target='_self' title='' class='dt-sc-button   small   blue' > PDF Normes <\/a><div class=\"ult-spacer spacer-69f374cf826bf\" data-id=\"69f374cf826bf\" data-height=\"10\" data-height-mobile=\"10\" data-height-tab=\"10\" data-height-tab-portrait=\"\" data-height-mobile-landscape=\"\" style=\"clear:both;display:block;\"><\/div><\/div><\/div><\/div><div class=\"ult-spacer spacer-69f374cf826ee\" data-id=\"69f374cf826ee\" data-height=\"30\" data-height-mobile=\"30\" data-height-tab=\"30\" data-height-tab-portrait=\"\" data-height-mobile-landscape=\"\" style=\"clear:both;display:block;\"><\/div><\/div><\/div><\/div><\/div>\n<\/div>","protected":false},"excerpt":{"rendered":"Commerce de carburants et d' hydrocarbures. Chez Trust Company, nous sommes sp\u00e9cialis\u00e9s dans le commerce des carburants et des hydrocarbures. Notre \u00e9quipe d'experts peut vous aider \u00e0 trouver des fournisseurs, \u00e0 n\u00e9gocier des contrats \u00e0 des tarifs tr\u00e8s concurrentiels et \u00e0 assurer une livraison en temps opportun. Gr\u00e2ce \u00e0 notre vaste r\u00e9seau, nous pouvons vous [...]","protected":false},"author":1,"featured_media":0,"parent":8848,"menu_order":0,"comment_status":"closed","ping_status":"closed","template":"tpl-sidenavigation.php","meta":{"footnotes":""},"class_list":["post-6152","page","type-page","status-publish","hentry"],"_links":{"self":[{"href":"https:\/\/trustcompany.io\/en\/wp-json\/wp\/v2\/pages\/6152","targetHints":{"allow":["GET"]}}],"collection":[{"href":"https:\/\/trustcompany.io\/en\/wp-json\/wp\/v2\/pages"}],"about":[{"href":"https:\/\/trustcompany.io\/en\/wp-json\/wp\/v2\/types\/page"}],"author":[{"embeddable":true,"href":"https:\/\/trustcompany.io\/en\/wp-json\/wp\/v2\/users\/1"}],"replies":[{"embeddable":true,"href":"https:\/\/trustcompany.io\/en\/wp-json\/wp\/v2\/comments?post=6152"}],"version-history":[{"count":15,"href":"https:\/\/trustcompany.io\/en\/wp-json\/wp\/v2\/pages\/6152\/revisions"}],"predecessor-version":[{"id":11039,"href":"https:\/\/trustcompany.io\/en\/wp-json\/wp\/v2\/pages\/6152\/revisions\/11039"}],"up":[{"embeddable":true,"href":"https:\/\/trustcompany.io\/en\/wp-json\/wp\/v2\/pages\/8848"}],"wp:attachment":[{"href":"https:\/\/trustcompany.io\/en\/wp-json\/wp\/v2\/media?parent=6152"}],"curies":[{"name":"wp","href":"https:\/\/api.w.org\/{rel}","templated":true}]}}