{"id":8439,"date":"2017-06-15T04:41:49","date_gmt":"2017-06-15T04:41:49","guid":{"rendered":"https:\/\/consultancy.local\/?page_id=8439"},"modified":"2024-07-10T15:13:41","modified_gmt":"2024-07-10T13:13:41","slug":"contact","status":"publish","type":"page","link":"https:\/\/trustcompany.io\/en\/contact\/","title":{"rendered":"Contact Us"},"content":{"rendered":"<div class=\"wpb-content-wrapper\"><div class=\"vc_row wpb_row vc_row-fluid\"><div class=\"wpb_column vc_column_container vc_col-sm-12\"><div class=\"vc_column-inner\"><div class=\"wpb_wrapper\"><div class=\"ult-spacer spacer-69f374eb9c3a3\" data-id=\"69f374eb9c3a3\" data-height=\"50\" data-height-mobile=\"50\" data-height-tab=\"50\" data-height-tab-portrait=\"\" data-height-mobile-landscape=\"\" style=\"clear:both;display:block;\"><\/div><\/div><\/div><\/div><\/div><div data-vc-full-width=\"true\" data-vc-full-width-init=\"false\" data-vc-stretch-content=\"true\" class=\"vc_row wpb_row vc_row-fluid dt-sc-dark-bg custom-form wpb_animate_when_almost_visible wpb_fadeInUp fadeInUp vc_custom_1504000197269 vc_row-no-padding\"><div class=\"wpb_column vc_column_container vc_col-sm-12\"><div class=\"vc_column-inner\"><div class=\"wpb_wrapper\"><div class=\"ult-spacer spacer-69f374eb9d290\" data-id=\"69f374eb9d290\" data-height=\"50\" data-height-mobile=\"50\" data-height-tab=\"50\" data-height-tab-portrait=\"\" data-height-mobile-landscape=\"\" style=\"clear:both;display:block;\"><\/div><div id=\"responsive_map-960008866\" class=\"responsive-map\" style=\"height:500px;width:100%;\"><\/div>\t\t<script type=\"text\/javascript\">\r\n\t\t\tjQuery(document).ready(function($){\r\n\r\n\t\t\t\tvar mapdiv = jQuery(\"#responsive_map-960008866\");\r\n\t\t\t\tmapdiv.gMap({\r\n\t\t\t\t\tmaptype: google.maps.MapTypeId.ROADMAP,\r\n\t\t\t\t\tzoom: 13,\r\n\t\t\t\t\tlatitude: null,\r\n\t\t\t\t\tlongitude: null,\r\n\t\t\t\t\tstreetViewControl:true,\r\n\t\t\t\t\tmapTypeControl:true,\r\n\t\t\t\t\tzoomControl:true,\r\n\t\t\t\t\tscaleControl:true,\r\n\t\t\t\t\tscrollwheel:false,\r\n\t\t\t\t\tdraggable:true,\r\n\t\t\t\t\tstyles:[{\"stylers\":[{\"saturation\":-20},{\"visibility\":\"on\"},{\"hue\":\"#00ccff\"},{\"invert_lightness\":true},{\"lightness\":5}]}],\r\n\t\t\t\t\tmarkers: [{flat: true,key:\"1\",latitude:\"25.181009110001906\",longitude:\"55.27063837832364\",icon: { image:\"https:\/\/trustcompany.io\/wp-content\/plugins\/designthemes-core-features\/shortcodes\/images\/markers\/pin.png\" },}],\r\n\t\t\t\t\tpanControl: true,\r\n\t\t\t\t\toverviewMapControl:true,\r\n\t\t\t\t});\r\n\t\t\t});\r\n\t\t<\/script><\/div><\/div><\/div><div class=\"event-contact-info wpb_column vc_column_container vc_col-sm-4\"><div class=\"vc_column-inner vc_custom_1718142370319\"><div class=\"wpb_wrapper\"><div class=\"ult-animation  ult-animate-viewport  ult-no-mobile \" data-animate=\"fadeInUp\" data-animation-delay=\"0.5\" data-animation-duration=\"1\" data-animation-iteration=\"1\" style=\"opacity:0;\" data-opacity_start_effect=\"\"><div class='dt-sc-title script-with-sub-title '><h3><strong>Nos Bureaux<\/strong><\/h3><h3><\/h3><\/div><div class=\"ult-spacer spacer-69f374eb9d5fc\" data-id=\"69f374eb9d5fc\" data-height=\"10\" data-height-mobile=\"30\" data-height-tab=\"30\" data-height-tab-portrait=\"30\" data-height-mobile-landscape=\"30\" style=\"clear:both;display:block;\"><\/div><div class='dt-sc-contact-info  address'><span class='pe-icon pe-map-marker'> <\/span>U-Bora Office Tower @ Office 102 <br> Business Bay, Dubai UAE.<\/div><div class=\"vc_empty_space\"   style=\"height: 30px\"><span class=\"vc_empty_space_inner\"><\/span><\/div><div class='dt-sc-contact-info  address'><span class='pe-icon pe-map-marker'> <\/span><p class=\"font_8 wixui-rich-text__text\">Chateau de Faulx @ Ch. de Gramptinne 46 \u2013 5340, BEL.<\/p><\/div><div class=\"vc_empty_space\"   style=\"height: 30px\"><span class=\"vc_empty_space_inner\"><\/span><\/div><div class='dt-sc-contact-info  '><span class='pe-icon pe-call'> <\/span><strong>T\u00e9l\u00e9phone:<\/strong> +32 2 586 36 77<\/div><div class=\"vc_empty_space\"   style=\"height: 30px\"><span class=\"vc_empty_space_inner\"><\/span><\/div><div class='dt-sc-contact-info  '><span class='pe-icon pe-mail'> <\/span><a title=\"\" href=\"#\"> info@trustcompany.io<\/a><\/div><div class='dt-sc-hr-invisible-small '> <\/div><ul class='dt-sc-sociable rounded-border '><li class=\"delicious\"><a target=\"_blank\" href=\"#\"><\/a><\/li><li class=\"dribbble\"><a target=\"_blank\" href=\"#\"><\/a><\/li><li class=\"facebook\"><a target=\"_blank\" href=\"#\"><\/a><\/li><\/ul><\/div><\/div><\/div><\/div><div class=\"wpb_column vc_column_container vc_col-sm-8\"><div class=\"vc_column-inner\"><div class=\"wpb_wrapper\"><\/div><\/div><\/div><\/div><div class=\"vc_row-full-width vc_clearfix\"><\/div><div data-vc-full-width=\"true\" data-vc-full-width-init=\"false\" class=\"vc_row wpb_row vc_row-fluid dt-sc-dark-bg custom-form vc_custom_1497696470966 vc_row-has-fill\"><div class=\"wpb_column vc_column_container vc_col-sm-12\"><div class=\"vc_column-inner\"><div class=\"wpb_wrapper\"><div class=\"ult-spacer spacer-69f374eb9de5a\" data-id=\"69f374eb9de5a\" data-height=\"130\" data-height-mobile=\"130\" data-height-tab=\"130\" data-height-tab-portrait=\"\" data-height-mobile-landscape=\"\" style=\"clear:both;display:block;\"><\/div><\/div><\/div><\/div><div class=\"rs_col-sm-12 wpb_column vc_column_container vc_col-sm-4 vc_col-lg-4 vc_col-md-6\"><div class=\"vc_column-inner\"><div class=\"wpb_wrapper\"><div class=\"ult-animation  ult-animate-viewport  ult-no-mobile \" data-animate=\"flipInY\" data-animation-delay=\"0.5\" data-animation-duration=\"1\" data-animation-iteration=\"1\" style=\"opacity:0;\" data-opacity_start_effect=\"\">\n\t<div  class=\"wpb_single_image wpb_content_element vc_align_left\">\n\t\t\n\t\t<figure class=\"wpb_wrapper vc_figure\">\n\t\t\t<div class=\"vc_single_image-wrapper   vc_box_border_grey\"><img loading=\"lazy\" decoding=\"async\" width=\"1200\" height=\"1684\" src=\"https:\/\/trustcompany.io\/wp-content\/uploads\/2024\/07\/ctc@1x_1.jpg\" class=\"vc_single_image-img attachment-full\" alt=\"\" title=\"ctc@1x_1\" srcset=\"https:\/\/trustcompany.io\/wp-content\/uploads\/2024\/07\/ctc@1x_1.jpg 1200w, https:\/\/trustcompany.io\/wp-content\/uploads\/2024\/07\/ctc@1x_1-214x300.jpg 214w, https:\/\/trustcompany.io\/wp-content\/uploads\/2024\/07\/ctc@1x_1-730x1024.jpg 730w, https:\/\/trustcompany.io\/wp-content\/uploads\/2024\/07\/ctc@1x_1-768x1078.jpg 768w, https:\/\/trustcompany.io\/wp-content\/uploads\/2024\/07\/ctc@1x_1-1095x1536.jpg 1095w, https:\/\/trustcompany.io\/wp-content\/uploads\/2024\/07\/ctc@1x_1-9x12.jpg 9w\" sizes=\"auto, (max-width: 1200px) 100vw, 1200px\" \/><\/div>\n\t\t<\/figure>\n\t<\/div>\n<\/div><\/div><\/div><\/div><div class=\"rs_col-sm-12 rs_padding_override wpb_column vc_column_container vc_col-sm-8 vc_col-lg-8 vc_col-md-6\"><div class=\"vc_column-inner\"><div class=\"wpb_wrapper\"><div class=\"ult-animation  ult-animate-viewport  ult-no-mobile \" data-animate=\"bounce\" data-animation-delay=\"0.8\" data-animation-duration=\"1\" data-animation-iteration=\"1\" style=\"opacity:0;\" data-opacity_start_effect=\"\"><div class='dt-sc-title script-with-sub-title '><h2><strong>Contactez Nous<\/strong><\/h2><h5><strong>Une r\u00e9ponse en moins de 24 heures<\/strong><\/h5><\/div>\n<div class=\"wpcf7 no-js\" id=\"wpcf7-f8442-o1\" lang=\"en-US\" dir=\"ltr\" data-wpcf7-id=\"8442\">\n<div class=\"screen-reader-response\"><p role=\"status\" aria-live=\"polite\" aria-atomic=\"true\"><\/p> <ul><\/ul><\/div>\n<form action=\"\/en\/wp-json\/wp\/v2\/pages\/8439#wpcf7-f8442-o1\" method=\"post\" class=\"wpcf7-form init\" aria-label=\"Contact form\" novalidate=\"novalidate\" data-status=\"init\">\n<fieldset class=\"hidden-fields-container\"><input type=\"hidden\" name=\"_wpcf7\" value=\"8442\" \/><input type=\"hidden\" name=\"_wpcf7_version\" value=\"6.1.5\" \/><input type=\"hidden\" name=\"_wpcf7_locale\" value=\"en_US\" \/><input type=\"hidden\" name=\"_wpcf7_unit_tag\" value=\"wpcf7-f8442-o1\" \/><input type=\"hidden\" name=\"_wpcf7_container_post\" value=\"0\" \/><input type=\"hidden\" name=\"_wpcf7_posted_data_hash\" value=\"\" \/>\n<\/fieldset>\n<div class=\"vc_row wpb_row vc_row-fluid\"><div class=\"wpb_column vc_column_container vc_col-sm-6\"><div class=\"vc_column-inner\"><div class=\"wpb_wrapper\"><span class=\"wpcf7-form-control-wrap\" data-name=\"text-538\"><input size=\"40\" maxlength=\"400\" class=\"wpcf7-form-control wpcf7-text wpcf7-validates-as-required\" aria-required=\"true\" aria-invalid=\"false\" placeholder=\"Pr\u00e9nom\" value=\"\" type=\"text\" name=\"text-538\" \/><\/span><\/div><\/div><\/div><div class=\"wpb_column vc_column_container vc_col-sm-6\"><div class=\"vc_column-inner\"><div class=\"wpb_wrapper\"><span class=\"wpcf7-form-control-wrap\" data-name=\"text-538\"><input size=\"40\" maxlength=\"400\" class=\"wpcf7-form-control wpcf7-text wpcf7-validates-as-required\" aria-required=\"true\" aria-invalid=\"false\" placeholder=\"Nom de Famille\" value=\"\" type=\"text\" name=\"text-538\" \/><\/span><\/div><\/div><\/div><div class=\"vc_empty_space\"   style=\"height: 30px\"><span class=\"vc_empty_space_inner\"><\/span><\/div><div class='dt-sc-clear '> <\/div><div class=\"wpb_column vc_column_container vc_col-sm-6\"><div class=\"vc_column-inner\"><div class=\"wpb_wrapper\"><span class=\"wpcf7-form-control-wrap\" data-name=\"email-259\"><input size=\"40\" maxlength=\"400\" class=\"wpcf7-form-control wpcf7-email wpcf7-validates-as-required wpcf7-text wpcf7-validates-as-email\" aria-required=\"true\" aria-invalid=\"false\" placeholder=\"Email\" value=\"\" type=\"email\" name=\"email-259\" \/><\/span><\/div><\/div><\/div><div class=\"wpb_column vc_column_container vc_col-sm-6\"><div class=\"vc_column-inner\"><div class=\"wpb_wrapper\"><span class=\"wpcf7-form-control-wrap\" data-name=\"tel-828\"><input size=\"40\" maxlength=\"400\" class=\"wpcf7-form-control wpcf7-tel wpcf7-text wpcf7-validates-as-tel\" aria-invalid=\"false\" placeholder=\"T\u00e9l\u00e9phone\" value=\"\" type=\"tel\" name=\"tel-828\" \/><\/span><\/div><\/div><\/div><div class=\"vc_empty_space\"   style=\"height: 30px\"><span class=\"vc_empty_space_inner\"><\/span><\/div><div class='dt-sc-clear '> <\/div><div class=\"wpb_column vc_column_container vc_col-sm-12\"><div class=\"vc_column-inner\"><div class=\"wpb_wrapper\"><span class=\"wpcf7-form-control-wrap\" data-name=\"textarea-657\"><textarea cols=\"40\" rows=\"10\" maxlength=\"2000\" class=\"wpcf7-form-control wpcf7-textarea\" aria-invalid=\"false\" placeholder=\"Message\" name=\"textarea-657\"><\/textarea><\/span><div class=\"vc_empty_space\"   style=\"height: 30px\"><span class=\"vc_empty_space_inner\"><\/span><\/div><input class=\"wpcf7-form-control wpcf7-submit has-spinner\" type=\"submit\" value=\"Envoyer\" \/><\/div><\/div><\/div><\/div><div class=\"wpcf7-response-output\" aria-hidden=\"true\"><\/div>\n<\/form>\n<\/div>\n<\/div><\/div><\/div><\/div><div class=\"wpb_column vc_column_container vc_col-sm-12\"><div class=\"vc_column-inner\"><div class=\"wpb_wrapper\"><div class=\"ult-spacer spacer-69f374eba0410\" data-id=\"69f374eba0410\" data-height=\"65\" data-height-mobile=\"65\" data-height-tab=\"65\" data-height-tab-portrait=\"\" data-height-mobile-landscape=\"\" style=\"clear:both;display:block;\"><\/div><\/div><\/div><\/div><\/div><div class=\"vc_row-full-width vc_clearfix\"><\/div><!-- Row Backgrounds --><\/p>\n<\/div>","protected":false},"excerpt":{"rendered":"Nos Bureaux U-Bora Office Tower @ Office 102 Business Bay, Dubai UAE. Chateau de Faulx @ Ch. de Gramptinne 46 - 5340, BEL. T\u00e9l\u00e9phone: +32 2 586 36 77 info@trustcompany.io Contactez NousUne r\u00e9ponse en moins de 24 heures","protected":false},"author":1,"featured_media":0,"parent":0,"menu_order":0,"comment_status":"closed","ping_status":"closed","template":"","meta":{"footnotes":""},"class_list":["post-8439","page","type-page","status-publish","hentry"],"_links":{"self":[{"href":"https:\/\/trustcompany.io\/en\/wp-json\/wp\/v2\/pages\/8439","targetHints":{"allow":["GET"]}}],"collection":[{"href":"https:\/\/trustcompany.io\/en\/wp-json\/wp\/v2\/pages"}],"about":[{"href":"https:\/\/trustcompany.io\/en\/wp-json\/wp\/v2\/types\/page"}],"author":[{"embeddable":true,"href":"https:\/\/trustcompany.io\/en\/wp-json\/wp\/v2\/users\/1"}],"replies":[{"embeddable":true,"href":"https:\/\/trustcompany.io\/en\/wp-json\/wp\/v2\/comments?post=8439"}],"version-history":[{"count":13,"href":"https:\/\/trustcompany.io\/en\/wp-json\/wp\/v2\/pages\/8439\/revisions"}],"predecessor-version":[{"id":11606,"href":"https:\/\/trustcompany.io\/en\/wp-json\/wp\/v2\/pages\/8439\/revisions\/11606"}],"wp:attachment":[{"href":"https:\/\/trustcompany.io\/en\/wp-json\/wp\/v2\/media?parent=8439"}],"curies":[{"name":"wp","href":"https:\/\/api.w.org\/{rel}","templated":true}]}}