{"id":8848,"date":"2017-06-16T07:40:13","date_gmt":"2017-06-16T07:40:13","guid":{"rendered":"https:\/\/consultancy.local\/?page_id=8848"},"modified":"2024-06-08T02:14:43","modified_gmt":"2024-06-08T00:14:43","slug":"secteurs","status":"publish","type":"page","link":"https:\/\/trustcompany.io\/en\/secteurs\/","title":{"rendered":"Our Sectors"},"content":{"rendered":"<div class=\"wpb-content-wrapper\"><div class=\"vc_row wpb_row vc_row-fluid wpb_animate_when_almost_visible wpb_fadeInUp fadeInUp\"><div class=\"wpb_column vc_column_container vc_col-sm-12\"><div class=\"vc_column-inner\"><div class=\"wpb_wrapper\">\n\t<div class=\"wpb_text_column wpb_content_element \" >\n\t\t<div class=\"wpb_wrapper\">\n\t\t\t<p><span class=\"wixui-rich-text__text\">Trust Company est un partenaire de premier plan pour le commerce international.<br \/>\n<\/span><span class=\"wixui-rich-text__text\">Nous fournissons des services de\u00a0<\/span><span class=\"wixui-rich-text__text\">consultance<\/span><span class=\"wixui-rich-text__text\">\u00a0, de sourcing et d\u2019interm\u00e9diation fiables aux clients qui ach\u00e8tent ou vendent des produits tels que carburants et \u00a0hydrocarbures, des produits agroalimentaires, des mati\u00e8res premi\u00e8res, de l\u2019\u00e9quipement minier, des machines de construction et de l\u2019\u00e9quipement de g\u00e9nie civil.<\/span><\/p>\n<p><span class=\"wixui-rich-text__text\">Notre \u00e9quipe d\u2019experts fournit des solutions sur mesure pour r\u00e9pondre aux besoins de votre entreprise.\u00a0<\/span><\/p>\n\n\t\t<\/div>\n\t<\/div>\n<\/div><\/div><\/div><\/div><div class=\"vc_row wpb_row vc_row-fluid wpb_animate_when_almost_visible wpb_fadeInUp fadeInUp vc_row-o-equal-height vc_row-o-content-middle vc_row-flex\"><div class=\"wpb_column vc_column_container vc_col-sm-6\"><div class=\"vc_column-inner vc_custom_1497600643806\"><div class=\"wpb_wrapper\">\n\t<div  class=\"wpb_single_image wpb_content_element vc_align_left  vc_custom_1717758766486\">\n\t\t\n\t\t<figure class=\"wpb_wrapper vc_figure\">\n\t\t\t<div class=\"vc_single_image-wrapper   vc_box_border_grey\"><img loading=\"lazy\" decoding=\"async\" width=\"500\" height=\"500\" src=\"https:\/\/trustcompany.io\/wp-content\/uploads\/2024\/06\/w-2.jpg\" class=\"vc_single_image-img attachment-full\" alt=\"\" title=\"w-2\" srcset=\"https:\/\/trustcompany.io\/wp-content\/uploads\/2024\/06\/w-2.jpg 500w, https:\/\/trustcompany.io\/wp-content\/uploads\/2024\/06\/w-2-300x300.jpg 300w, https:\/\/trustcompany.io\/wp-content\/uploads\/2024\/06\/w-2-150x150.jpg 150w\" sizes=\"auto, (max-width: 500px) 100vw, 500px\" \/><\/div>\n\t\t<\/figure>\n\t<\/div>\n<\/div><\/div><\/div><div class=\"wpb_column vc_column_container vc_col-sm-6\"><div class=\"vc_column-inner vc_custom_1497600470358\"><div class=\"wpb_wrapper\"><div class=\"ult-spacer spacer-69f374eb11dca\" data-id=\"69f374eb11dca\" data-height=\"30\" data-height-mobile=\"30\" data-height-tab=\"30\" data-height-tab-portrait=\"\" data-height-mobile-landscape=\"\" style=\"clear:both;display:block;\"><\/div><div class=\"vc_row wpb_row vc_inner vc_row-fluid\"><div class=\"wpb_column vc_column_container vc_col-sm-1\"><div class=\"vc_column-inner\"><div class=\"wpb_wrapper\"><\/div><\/div><\/div><div class=\"wpb_column vc_column_container vc_col-sm-10\"><div class=\"vc_column-inner\"><div class=\"wpb_wrapper\"><blockquote class='type4 ' ><q>Transformer les opportunit\u00e9s commerciales en succ\u00e8s tangibles, tout en respectant les normes \u00e9thiques les plus strictes.<\/q><cite>\u2013 Christophe DEMEYER<\/cite><\/blockquote><\/div><\/div><\/div><div class=\"wpb_column vc_column_container vc_col-sm-1\"><div class=\"vc_column-inner\"><div class=\"wpb_wrapper\"><\/div><\/div><\/div><\/div><div class=\"ult-spacer spacer-69f374eb1214c\" data-id=\"69f374eb1214c\" data-height=\"30\" data-height-mobile=\"30\" data-height-tab=\"30\" data-height-tab-portrait=\"\" data-height-mobile-landscape=\"\" style=\"clear:both;display:block;\"><\/div><\/div><\/div><\/div><\/div><div class=\"vc_row wpb_row vc_row-fluid wpb_animate_when_almost_visible wpb_fadeInUp fadeInUp\"><div class=\"wpb_column vc_column_container vc_col-sm-12\"><div class=\"vc_column-inner\"><div class=\"wpb_wrapper\"><div class=\"ult-spacer spacer-69f374eb123a8\" data-id=\"69f374eb123a8\" data-height=\"50\" data-height-mobile=\"50\" data-height-tab=\"50\" data-height-tab-portrait=\"\" data-height-mobile-landscape=\"\" style=\"clear:both;display:block;\"><\/div><div class='dt-sc-title script-with-sub-title no-margin-bottom'><h3>Boostez votre <strong>Investissement<\/strong><\/h3><h3><\/h3><\/div><div class=\"ult-spacer spacer-69f374eb123c1\" data-id=\"69f374eb123c1\" data-height=\"30\" data-height-mobile=\"30\" data-height-tab=\"30\" data-height-tab-portrait=\"\" data-height-mobile-landscape=\"\" style=\"clear:both;display:block;\"><\/div><div class=\"ult-spacer spacer-69f374eb123c9\" data-id=\"69f374eb123c9\" data-height=\"30\" data-height-mobile=\"30\" data-height-tab=\"30\" data-height-tab-portrait=\"\" data-height-mobile-landscape=\"\" style=\"clear:both;display:block;\"><\/div><\/div><\/div><\/div><\/div><div class=\"vc_row wpb_row vc_row-fluid wpb_animate_when_almost_visible wpb_fadeInUp fadeInUp\"><div class=\"wpb_column vc_column_container vc_col-sm-12\"><div class=\"vc_column-inner\"><div class=\"wpb_wrapper\"><div class=\"vc_row wpb_row vc_inner vc_row-fluid\"><div class=\"wpb_column vc_column_container vc_col-sm-6\"><div class=\"vc_column-inner\"><div class=\"wpb_wrapper\">\n\t<div class=\"wpb_text_column wpb_content_element \" >\n\t\t<div class=\"wpb_wrapper\">\n\t\t\t<p>Avec TRUST COMPANY, vous b\u00e9n\u00e9ficiez d\u2019un partenaire d\u00e9vou\u00e9 \u00e0 votre r\u00e9ussite. Nous mettons notre expertise et notre r\u00e9seau mondial \u00e0 votre service pour garantir des transactions fluides, transparentes et efficaces.<\/p>\n\n\t\t<\/div>\n\t<\/div>\n<ul class='dt-sc-fancy-list  black  arrow'>\n<li>Commerce International<\/li>\n<li>Technologie de l\u2019Information<\/li>\n<li>Partenariats Strat\u00e9giques<\/li>\n<li>Support In\u00e9gal\u00e9<\/li>\n<\/ul><\/div><\/div><\/div><div class=\"wpb_column vc_column_container vc_col-sm-6\"><div class=\"vc_column-inner\"><div class=\"wpb_wrapper\">\n<div class=\"vc_chart vc_line-chart wpb_content_element\" data-vc-legend=\"1\" data-vc-tooltips=\"1\" data-vc-animation=\"easeInOutCubic\" data-vc-type=\"line\" data-vc-values=\"{&quot;labels&quot;:[&quot;JAN&quot;,&quot; FEB&quot;,&quot; MAR&quot;,&quot; APR&quot;,&quot; MAY&quot;,&quot; JUN&quot;,&quot; JUL&quot;,&quot; AUG&quot;],&quot;datasets&quot;:[{&quot;label&quot;:&quot;Sales&quot;,&quot;borderColor&quot;:&quot;#5472d2&quot;,&quot;backgroundColor&quot;:&quot;#5472d2&quot;,&quot;data&quot;:[&quot;10&quot;,&quot; 15&quot;,&quot; 20&quot;,&quot; 25&quot;,&quot; 27&quot;,&quot; 25&quot;,&quot; 23&quot;,&quot; 25&quot;]},{&quot;label&quot;:&quot;Targets&quot;,&quot;borderColor&quot;:&quot;#fe6c61&quot;,&quot;backgroundColor&quot;:&quot;#fe6c61&quot;,&quot;data&quot;:[&quot;25&quot;,&quot; 18&quot;,&quot; 16&quot;,&quot; 17&quot;,&quot; 20&quot;,&quot; 25&quot;,&quot; 30&quot;,&quot; 35&quot;]}]}\">\n\t\n\t<div class=\"wpb_wrapper\">\n\t\t<canvas class=\"vc_line-chart-canvas\" width=\"1\" height=\"1\"><\/canvas>\n\t<\/div>\n<\/div>\n<\/div><\/div><\/div><\/div><\/div><\/div><\/div><\/div><div class=\"vc_row wpb_row vc_row-fluid wpb_animate_when_almost_visible wpb_fadeInUp fadeInUp vc_custom_1503991547884\"><div class=\"wpb_column vc_column_container vc_col-sm-12\"><div class=\"vc_column-inner\"><div class=\"wpb_wrapper\"><div class=\"ult-spacer spacer-69f374eb13214\" data-id=\"69f374eb13214\" data-height=\"30\" data-height-mobile=\"30\" data-height-tab=\"30\" data-height-tab-portrait=\"\" data-height-mobile-landscape=\"\" style=\"clear:both;display:block;\"><\/div>\n\t<div class=\"wpb_text_column wpb_content_element \" >\n\t\t<div class=\"wpb_wrapper\">\n\t\t\t<p>Chez TRUST COMPANY, nous nous distinguons par notre capacit\u00e9 \u00e0 couvrir une vaste gamme de secteurs, assurant une expertise in\u00e9gal\u00e9e et des solutions personnalis\u00e9es pour chaque client. Nous ne nous contentons pas de r\u00e9pondre aux besoins imm\u00e9diats, mais nous anticipons les tendances futures pour offrir des services durables et innovants. Avec une pr\u00e9sence internationale et des \u00e9quipes op\u00e9rationnelles pr\u00eates \u00e0 intervenir 24\/7, nous assurons une r\u00e9activit\u00e9 exceptionnelle et une disponibilit\u00e9 continue pour nos clients.<\/p>\n\n\t\t<\/div>\n\t<\/div>\n<div class=\"vc_row wpb_row vc_inner vc_row-fluid\"><div class=\"wpb_column vc_column_container vc_col-sm-6\"><div class=\"vc_column-inner\"><div class=\"wpb_wrapper\">\n\t<div  class=\"wpb_single_image wpb_content_element vc_align_center\">\n\t\t\n\t\t<figure class=\"wpb_wrapper vc_figure\">\n\t\t\t<div class=\"vc_single_image-wrapper   vc_box_border_grey\"><img loading=\"lazy\" decoding=\"async\" width=\"800\" height=\"1123\" src=\"https:\/\/trustcompany.io\/wp-content\/uploads\/2024\/06\/x-11.jpg\" class=\"vc_single_image-img attachment-full\" alt=\"\" title=\"x-11\" srcset=\"https:\/\/trustcompany.io\/wp-content\/uploads\/2024\/06\/x-11.jpg 800w, https:\/\/trustcompany.io\/wp-content\/uploads\/2024\/06\/x-11-214x300.jpg 214w, https:\/\/trustcompany.io\/wp-content\/uploads\/2024\/06\/x-11-729x1024.jpg 729w, https:\/\/trustcompany.io\/wp-content\/uploads\/2024\/06\/x-11-768x1078.jpg 768w\" sizes=\"auto, (max-width: 800px) 100vw, 800px\" \/><\/div>\n\t\t<\/figure>\n\t<\/div>\n<\/div><\/div><\/div><div class=\"wpb_column vc_column_container vc_col-sm-6\"><div class=\"vc_column-inner\"><div class=\"wpb_wrapper\"><div class='dt-sc-title script-with-sub-title no-margin-bottom'><h3>Nos Points <strong>Forts<\/strong><\/h3><h3><\/h3><\/div><div class=\"ult-spacer spacer-69f374eb13a4c\" data-id=\"69f374eb13a4c\" data-height=\"15\" data-height-mobile=\"15\" data-height-tab=\"15\" data-height-tab-portrait=\"\" data-height-mobile-landscape=\"\" style=\"clear:both;display:block;\"><\/div>\n\t<div class=\"wpb_text_column wpb_content_element \" >\n\t\t<div class=\"wpb_wrapper\">\n\t\t\t<p>Nous poss\u00e9dons une connaissance approfondie et des comp\u00e9tences diversifi\u00e9es dans plusieurs industries, ce qui nous permet de fournir des conseils et des solutions adapt\u00e9es \u00e0 chaque secteur. Notre capacit\u00e9 \u00e0 comprendre les dynamiques sp\u00e9cifiques de chaque march\u00e9 nous distingue comme un partenaire de confiance.<\/p>\n\n\t\t<\/div>\n\t<\/div>\n<ul class='dt-sc-fancy-list  black with-bottom-border arrow'>\n<li>R\u00e9activit\u00e9<\/li>\n<li>Innovation<\/li>\n<li>\u00c9thique<\/li>\n<li>Technologies Avanc\u00e9es<\/li>\n<\/ul><div class=\"vc_empty_space\"   style=\"height: 30px\"><span class=\"vc_empty_space_inner\"><\/span><\/div>\n\t<div class=\"wpb_text_column wpb_content_element \" >\n\t\t<div class=\"wpb_wrapper\">\n\t\t\t<p>Chaque client est unique, et nous offrons des approches sur mesure adapt\u00e9es aux besoins sp\u00e9cifiques de chaque entreprise. Nos solutions personnalis\u00e9es sont con\u00e7ues pour maximiser l\u2019efficacit\u00e9 et le retour sur investissement, garantissant ainsi la satisfaction totale de nos clients.<\/p>\n\n\t\t<\/div>\n\t<\/div>\n<\/div><\/div><\/div><\/div>\n\t<div class=\"wpb_text_column wpb_content_element  vc_custom_1717759504979\" >\n\t\t<div class=\"wpb_wrapper\">\n\t\t\t<p>Nous sommes d\u00e9termin\u00e9s \u00e0 avoir un impact positif sur les communaut\u00e9s et l\u2019environnement. En travaillant avec TRUST COMPANY, vous choisissez un partenaire engag\u00e9 dans des pratiques commerciales responsables et durables, contribuant ainsi \u00e0 un d\u00e9veloppement \u00e9conomique et social harmonieux.<\/p>\n\n\t\t<\/div>\n\t<\/div>\n<\/div><\/div><\/div><\/div>\n<\/div>","protected":false},"excerpt":{"rendered":"Trust Company est un partenaire de premier plan pour le commerce international. Nous fournissons des services de\u00a0consultance\u00a0, de sourcing et d\u2019interm\u00e9diation fiables aux clients qui ach\u00e8tent ou vendent des produits tels que carburants et \u00a0hydrocarbures, des produits agroalimentaires, des mati\u00e8res premi\u00e8res, de l\u2019\u00e9quipement minier, des machines de construction et de l\u2019\u00e9quipement de g\u00e9nie civil. Notre [...]","protected":false},"author":1,"featured_media":0,"parent":0,"menu_order":0,"comment_status":"closed","ping_status":"closed","template":"tpl-sidenavigation.php","meta":{"footnotes":""},"class_list":["post-8848","page","type-page","status-publish","hentry"],"_links":{"self":[{"href":"https:\/\/trustcompany.io\/en\/wp-json\/wp\/v2\/pages\/8848","targetHints":{"allow":["GET"]}}],"collection":[{"href":"https:\/\/trustcompany.io\/en\/wp-json\/wp\/v2\/pages"}],"about":[{"href":"https:\/\/trustcompany.io\/en\/wp-json\/wp\/v2\/types\/page"}],"author":[{"embeddable":true,"href":"https:\/\/trustcompany.io\/en\/wp-json\/wp\/v2\/users\/1"}],"replies":[{"embeddable":true,"href":"https:\/\/trustcompany.io\/en\/wp-json\/wp\/v2\/comments?post=8848"}],"version-history":[{"count":1,"href":"https:\/\/trustcompany.io\/en\/wp-json\/wp\/v2\/pages\/8848\/revisions"}],"predecessor-version":[{"id":10949,"href":"https:\/\/trustcompany.io\/en\/wp-json\/wp\/v2\/pages\/8848\/revisions\/10949"}],"wp:attachment":[{"href":"https:\/\/trustcompany.io\/en\/wp-json\/wp\/v2\/media?parent=8848"}],"curies":[{"name":"wp","href":"https:\/\/api.w.org\/{rel}","templated":true}]}}