{"id":8850,"date":"2016-07-18T20:28:32","date_gmt":"2016-07-18T20:28:32","guid":{"rendered":"http:\/\/dummy.wedesignthemes.com\/kriya\/?page_id=6148"},"modified":"2024-06-08T03:20:15","modified_gmt":"2024-06-08T01:20:15","slug":"genie-civil","status":"publish","type":"page","link":"https:\/\/trustcompany.io\/en\/secteurs\/genie-civil\/","title":{"rendered":"Civil Engineering"},"content":{"rendered":"<div class=\"wpb-content-wrapper\"><div class=\"vc_row wpb_row vc_row-fluid wpb_animate_when_almost_visible wpb_fadeInUp fadeInUp\"><div class=\"wpb_column vc_column_container vc_col-sm-12\"><div class=\"vc_column-inner\"><div class=\"wpb_wrapper\"><div class='dt-sc-title script-with-sub-title no-margin-bottom'><h2>Mining <strong>Equipment<\/strong><\/h2><h3><\/h3><\/div><div class=\"ult-spacer spacer-69f379932b14c\" data-id=\"69f379932b14c\" data-height=\"25\" data-height-mobile=\"25\" data-height-tab=\"25\" data-height-tab-portrait=\"\" data-height-mobile-landscape=\"\" style=\"clear:both;display:block;\"><\/div>\n\t<div class=\"wpb_text_column wpb_content_element\" >\n\t\t<div class=\"wpb_wrapper\">\n\t\t\t<p>La fourniture de mat\u00e9riel minier, en particulier des camions bennes de 60 et 90 tonnes, rev\u00eat une grande importance en Afrique de l\u2019Ouest, notamment dans les mines d\u2019or et de bauxite, pour plusieurs raisons:<\/p>\n<ol>\n<li><strong>Efficiency and productivity:<\/strong> Les camions bennes de grande capacit\u00e9 permettent de transporter de grandes quantit\u00e9s de minerai en une seule fois, ce qui am\u00e9liore l\u2019efficacit\u00e9 et la productivit\u00e9 de l\u2019exploitation mini\u00e8re. Cela r\u00e9duit \u00e9galement les co\u00fbts de transport et de manutention du minerai.<\/li>\n<li><strong>R\u00e9duction des d\u00e9lais d\u2019exploitation :<\/strong> Les camions bennes de 60 et 90 tonnes permettent de transporter rapidement le minerai extrait des mines vers les sites de traitement. Cela r\u00e9duit les d\u00e9lais d\u2019exploitation et permet aux entreprises mini\u00e8res de maximiser leur production.<\/li>\n<li><strong>Operational safety :<\/strong> Les camions bennes de grande capacit\u00e9 sont con\u00e7us pour transporter des charges lourdes de mani\u00e8re s\u00e9curis\u00e9e. Ils sont \u00e9quip\u00e9s de syst\u00e8mes de freinage et de contr\u00f4le de la charge qui garantissent la s\u00e9curit\u00e9 des op\u00e9rations mini\u00e8res. Cela r\u00e9duit les risques d\u2019accidents et de pertes de minerai.<\/li>\n<li><strong>Economic profitability :<\/strong> L\u2019exploitation mini\u00e8re est une activit\u00e9 co\u00fbteuse qui n\u00e9cessite des investissements importants. En fournissant des camions bennes de grande capacit\u00e9, les entreprises mini\u00e8res peuvent optimiser leurs op\u00e9rations et maximiser leurs rendements. Cela contribue \u00e0 la rentabilit\u00e9 \u00e9conomique de l\u2019industrie mini\u00e8re en Afrique de l\u2019Ouest.<\/li>\n<\/ol>\n<p>En r\u00e9sum\u00e9, la fourniture de camions bennes de 60 et 90 tonnes dans les mines d\u2019or et de bauxite en Afrique de l\u2019Ouest est essentielle pour am\u00e9liorer l\u2019efficacit\u00e9, la productivit\u00e9, la s\u00e9curit\u00e9 et la rentabilit\u00e9 de l\u2019exploitation mini\u00e8re dans la r\u00e9gion. Ces \u00e9quipements permettent de transporter de grandes quantit\u00e9s de minerai de mani\u00e8re rapide et s\u00e9curis\u00e9e, ce qui contribue au d\u00e9veloppement de l\u2019industrie mini\u00e8re dans la r\u00e9gion.<\/p>\n\n\t\t<\/div>\n\t<\/div>\n<\/div><\/div><\/div><\/div><div class=\"vc_row wpb_row vc_row-fluid wpb_animate_when_almost_visible wpb_fadeInUp fadeInUp vc_row-o-equal-height vc_row-o-content-middle vc_row-flex\"><div class=\"wpb_column vc_column_container vc_col-sm-2\"><div class=\"vc_column-inner vc_custom_1497600643806\"><div class=\"wpb_wrapper\"><\/div><\/div><\/div><div class=\"wpb_column vc_column_container vc_col-sm-8\"><div class=\"vc_column-inner vc_custom_1497600470358\"><div class=\"wpb_wrapper\"><div class=\"ult-spacer spacer-69f379932c0e0\" data-id=\"69f379932c0e0\" data-height=\"30\" data-height-mobile=\"30\" data-height-tab=\"30\" data-height-tab-portrait=\"\" data-height-mobile-landscape=\"\" style=\"clear:both;display:block;\"><\/div><div class=\"vc_row wpb_row vc_inner vc_row-fluid\"><div class=\"wpb_column vc_column_container vc_col-sm-1\"><div class=\"vc_column-inner\"><div class=\"wpb_wrapper\"><\/div><\/div><\/div><div class=\"wpb_column vc_column_container vc_col-sm-10\"><div class=\"vc_column-inner\"><div class=\"wpb_wrapper\">\n\t<div class=\"wpb_raw_code wpb_content_element wpb_raw_html\" >\n\t\t<div class=\"wpb_wrapper\">\n\t\t\t<script src=\"https:\/\/unpkg.com\/@dotlottie\/player-component@latest\/dist\/dotlottie-player.mjs\" type=\"module\"><\/script><dotlottie-player src=\"https:\/\/lottie.host\/fa69eaeb-398f-46e7-bbe2-d8963a290930\/mbuq9iuMS3.json\" background=\"transparent\" speed=\"1\" style=\"width: 500px; height: 500px\" direction=\"1\" playmode=\"normal\" loop autoplay><\/dotlottie-player>\n\t\t<\/div>\n\t<\/div>\n<\/div><\/div><\/div><div class=\"wpb_column vc_column_container vc_col-sm-1\"><div class=\"vc_column-inner\"><div class=\"wpb_wrapper\"><\/div><\/div><\/div><\/div><div class=\"ult-spacer spacer-69f379932cc01\" data-id=\"69f379932cc01\" data-height=\"30\" data-height-mobile=\"30\" data-height-tab=\"30\" data-height-tab-portrait=\"\" data-height-mobile-landscape=\"\" style=\"clear:both;display:block;\"><\/div><\/div><\/div><\/div><div class=\"wpb_column vc_column_container vc_col-sm-2\"><div class=\"vc_column-inner\"><div class=\"wpb_wrapper\"><\/div><\/div><\/div><\/div><div class=\"vc_row wpb_row vc_row-fluid wpb_animate_when_almost_visible wpb_fadeInUp fadeInUp\"><div class=\"wpb_column vc_column_container vc_col-sm-12\"><div class=\"vc_column-inner\"><div class=\"wpb_wrapper\"><div class=\"ult-spacer spacer-69f379932cf78\" data-id=\"69f379932cf78\" data-height=\"50\" data-height-mobile=\"50\" data-height-tab=\"50\" data-height-tab-portrait=\"\" data-height-mobile-landscape=\"\" style=\"clear:both;display:block;\"><\/div><div class='dt-sc-title script-with-sub-title no-margin-bottom'><h3>Negotiated <strong>Products:<\/strong><\/h3><h3><\/h3><\/div><div class=\"ult-spacer spacer-69f379932cf94\" data-id=\"69f379932cf94\" data-height=\"30\" data-height-mobile=\"30\" data-height-tab=\"30\" data-height-tab-portrait=\"\" data-height-mobile-landscape=\"\" style=\"clear:both;display:block;\"><\/div><div class='dt-sc-toggle-frame-set type2'><h5 class='dt-sc-toggle-accordion'><a href='#'>60-ton and 90-ton dump trucks<\/a><\/h5><div class=\"dt-sc-toggle-content\" style=\"display: none;\"><div class=\"block\"><\/div><\/div><h5 class='dt-sc-toggle-accordion'><a href='#'>Tank trucks<\/a><\/h5><div class=\"dt-sc-toggle-content\" style=\"display: none;\"><div class=\"block\"><\/div><\/div><h5 class='dt-sc-toggle-accordion'><a href='#'>Semi-trailers<\/a><\/h5><div class=\"dt-sc-toggle-content\" style=\"display: none;\"><div class=\"block\"><\/div><\/div><h5 class='dt-sc-toggle-accordion'><a href='#'>Excavators<\/a><\/h5><div class=\"dt-sc-toggle-content\" style=\"display: none;\"><div class=\"block\"><\/div><\/div><h5 class='dt-sc-toggle-accordion'><a href='#'>Mining loaders<\/a><\/h5><div class=\"dt-sc-toggle-content\" style=\"display: none;\"><div class=\"block\"><\/div><\/div><\/div><div class=\"ult-spacer spacer-69f379932d0dc\" data-id=\"69f379932d0dc\" data-height=\"30\" data-height-mobile=\"30\" data-height-tab=\"30\" data-height-tab-portrait=\"\" data-height-mobile-landscape=\"\" style=\"clear:both;display:block;\"><\/div><\/div><\/div><\/div><\/div>\n<\/div>","protected":false},"excerpt":{"rendered":"Mat\u00e9riel Minier La fourniture de mat\u00e9riel minier, en particulier des camions bennes de 60 et 90 tonnes, rev\u00eat une grande importance en Afrique de l'Ouest, notamment dans les mines d'or et de bauxite, pour plusieurs raisons: Efficacit\u00e9 et productivit\u00e9 : Les camions bennes de grande capacit\u00e9 permettent de transporter de grandes quantit\u00e9s de minerai en [...]","protected":false},"author":1,"featured_media":0,"parent":8848,"menu_order":0,"comment_status":"closed","ping_status":"closed","template":"tpl-sidenavigation.php","meta":{"footnotes":""},"class_list":["post-8850","page","type-page","status-publish","hentry"],"_links":{"self":[{"href":"https:\/\/trustcompany.io\/en\/wp-json\/wp\/v2\/pages\/8850","targetHints":{"allow":["GET"]}}],"collection":[{"href":"https:\/\/trustcompany.io\/en\/wp-json\/wp\/v2\/pages"}],"about":[{"href":"https:\/\/trustcompany.io\/en\/wp-json\/wp\/v2\/types\/page"}],"author":[{"embeddable":true,"href":"https:\/\/trustcompany.io\/en\/wp-json\/wp\/v2\/users\/1"}],"replies":[{"embeddable":true,"href":"https:\/\/trustcompany.io\/en\/wp-json\/wp\/v2\/comments?post=8850"}],"version-history":[{"count":1,"href":"https:\/\/trustcompany.io\/en\/wp-json\/wp\/v2\/pages\/8850\/revisions"}],"predecessor-version":[{"id":10979,"href":"https:\/\/trustcompany.io\/en\/wp-json\/wp\/v2\/pages\/8850\/revisions\/10979"}],"up":[{"embeddable":true,"href":"https:\/\/trustcompany.io\/en\/wp-json\/wp\/v2\/pages\/8848"}],"wp:attachment":[{"href":"https:\/\/trustcompany.io\/en\/wp-json\/wp\/v2\/media?parent=8850"}],"curies":[{"name":"wp","href":"https:\/\/api.w.org\/{rel}","templated":true}]}}