{"id":8908,"date":"2017-06-16T09:50:14","date_gmt":"2017-06-16T09:50:14","guid":{"rendered":"https:\/\/consultancy.local\/?page_id=8908"},"modified":"2024-06-13T23:27:04","modified_gmt":"2024-06-13T21:27:04","slug":"energie","status":"publish","type":"page","link":"https:\/\/trustcompany.io\/en\/secteurs\/energie\/","title":{"rendered":"Energy"},"content":{"rendered":"<div class=\"wpb-content-wrapper\"><div class=\"vc_row wpb_row vc_row-fluid wpb_animate_when_almost_visible wpb_fadeInUp fadeInUp\"><div class=\"wpb_column vc_column_container vc_col-sm-12\"><div class=\"vc_column-inner\"><div class=\"wpb_wrapper\"><div class='dt-sc-title script-with-sub-title no-margin-bottom'><h2>Renewable <strong>Energy<\/strong><\/h2><h3><\/h3><\/div><div class=\"ult-spacer spacer-69f374d038b2a\" data-id=\"69f374d038b2a\" data-height=\"25\" data-height-mobile=\"25\" data-height-tab=\"25\" data-height-tab-portrait=\"\" data-height-mobile-landscape=\"\" style=\"clear:both;display:block;\"><\/div>\n\t<div class=\"wpb_text_column wpb_content_element\" >\n\t\t<div class=\"wpb_wrapper\">\n\t\t\t<p>La croissance d\u00e9mographique en Afrique continue de stimuler la demande de sources alternatives de lumi\u00e8re et d\u2019\u00e9nergie. Ces sources sont n\u00e9cessaires pour toute une s\u00e9rie d\u2019utilisations, depuis les besoins en \u00e9lectricit\u00e9 de base jusqu\u2019aux technologies de production d\u2019\u00e9nergie. Les solutions de cuisson propres sont \u00e9galement essentielles \u00e0 la sant\u00e9 et au bien-\u00eatre des m\u00e9nages.<\/p>\n\n\t\t<\/div>\n\t<\/div>\n<\/div><\/div><\/div><\/div><div class=\"vc_row wpb_row vc_row-fluid wpb_animate_when_almost_visible wpb_fadeInUp fadeInUp vc_row-o-equal-height vc_row-o-content-middle vc_row-flex\"><div class=\"wpb_column vc_column_container vc_col-sm-2\"><div class=\"vc_column-inner vc_custom_1497600643806\"><div class=\"wpb_wrapper\"><\/div><\/div><\/div><div class=\"wpb_column vc_column_container vc_col-sm-8\"><div class=\"vc_column-inner vc_custom_1497600470358\"><div class=\"wpb_wrapper\">\n\t<div class=\"wpb_raw_code wpb_content_element wpb_raw_html\" >\n\t\t<div class=\"wpb_wrapper\">\n\t\t\t<script src=\"https:\/\/unpkg.com\/@dotlottie\/player-component@latest\/dist\/dotlottie-player.mjs\" type=\"module\"><\/script><dotlottie-player src=\"https:\/\/lottie.host\/37c2c99e-8002-4ebc-82ba-56d6e25047a6\/W5WvNn0JrB.json\" background=\"transparent\" speed=\"1\" style=\"width: 700px; height: 500px\" direction=\"1\" playmode=\"normal\" loop autoplay><\/dotlottie-player>\n\t\t<\/div>\n\t<\/div>\n<\/div><\/div><\/div><div class=\"wpb_column vc_column_container vc_col-sm-2\"><div class=\"vc_column-inner\"><div class=\"wpb_wrapper\"><\/div><\/div><\/div><\/div><div class=\"vc_row wpb_row vc_row-fluid wpb_animate_when_almost_visible wpb_fadeInUp fadeInUp\"><div class=\"wpb_column vc_column_container vc_col-sm-12\"><div class=\"vc_column-inner\"><div class=\"wpb_wrapper\"><div class=\"ult-spacer spacer-69f374d039e3a\" data-id=\"69f374d039e3a\" data-height=\"50\" data-height-mobile=\"50\" data-height-tab=\"50\" data-height-tab-portrait=\"\" data-height-mobile-landscape=\"\" style=\"clear:both;display:block;\"><\/div><div class='dt-sc-title script-with-sub-title no-margin-bottom'><h3>Negotiated <strong>Products:<\/strong><\/h3><h3><\/h3><\/div><div class=\"ult-spacer spacer-69f374d039e5e\" data-id=\"69f374d039e5e\" data-height=\"30\" data-height-mobile=\"30\" data-height-tab=\"30\" data-height-tab-portrait=\"\" data-height-mobile-landscape=\"\" style=\"clear:both;display:block;\"><\/div><div class='dt-sc-toggle-frame-set type2'><h5 class='dt-sc-toggle-accordion'><a href='#'>Photovoltaic panels<\/a><\/h5><div class=\"dt-sc-toggle-content\" style=\"display: none;\"><div class=\"block\"><div class=\"vc_row wpb_row vc_inner vc_row-fluid\"><div class=\"wpb_column vc_column_container vc_col-sm-6\"><div class=\"vc_column-inner\"><div class=\"wpb_wrapper\">\n\t<div  class=\"wpb_single_image wpb_content_element vc_align_left\">\n\t\t\n\t\t<figure class=\"wpb_wrapper vc_figure\">\n\t\t\t<div class=\"vc_single_image-wrapper   vc_box_border_grey\"><img loading=\"lazy\" decoding=\"async\" width=\"959\" height=\"600\" src=\"https:\/\/trustcompany.io\/wp-content\/uploads\/2024\/06\/DEG21C20_bepan3.jpg\" class=\"vc_single_image-img attachment-full\" alt=\"\" title=\"DEG21C20_bepan3\" srcset=\"https:\/\/trustcompany.io\/wp-content\/uploads\/2024\/06\/DEG21C20_bepan3.jpg 959w, https:\/\/trustcompany.io\/wp-content\/uploads\/2024\/06\/DEG21C20_bepan3-300x188.jpg 300w, https:\/\/trustcompany.io\/wp-content\/uploads\/2024\/06\/DEG21C20_bepan3-768x481.jpg 768w\" sizes=\"auto, (max-width: 959px) 100vw, 959px\" \/><\/div>\n\t\t<\/figure>\n\t<\/div>\n<\/div><\/div><\/div><div class=\"wpb_column vc_column_container vc_col-sm-6\"><div class=\"vc_column-inner\"><div class=\"wpb_wrapper\">\n\t<div class=\"wpb_text_column wpb_content_element\" >\n\t\t<div class=\"wpb_wrapper\">\n\t\t\t<h3><\/h3>\n<h3 class=\"title-primary\">Intelligent solar solution: Bifacial modules with tracking<\/h3>\n<div class=\"description editor-wys\">\n<p>\u00a0<\/p>\n<\/div>\n\n\t\t<\/div>\n\t<\/div>\n<\/div><\/div><\/div><\/div><div class=\"vc_row wpb_row vc_inner vc_row-fluid\"><div class=\"wpb_column vc_column_container vc_col-sm-6\"><div class=\"vc_column-inner\"><div class=\"wpb_wrapper\">\n\t<div class=\"wpb_text_column wpb_content_element\" >\n\t\t<div class=\"wpb_wrapper\">\n\t\t\t<h3><\/h3>\n<h3 class=\"title-primary\">Ultra-high power of 665W+ with 21.4% high efficiency<\/h3>\n<div class=\"description editor-wys\">\n<p>\u00a0<\/p>\n<\/div>\n\n\t\t<\/div>\n\t<\/div>\n<\/div><\/div><\/div><div class=\"wpb_column vc_column_container vc_col-sm-6\"><div class=\"vc_column-inner\"><div class=\"wpb_wrapper\">\n\t<div  class=\"wpb_single_image wpb_content_element vc_align_left\">\n\t\t\n\t\t<figure class=\"wpb_wrapper vc_figure\">\n\t\t\t<div class=\"vc_single_image-wrapper   vc_box_border_grey\"><img loading=\"lazy\" decoding=\"async\" width=\"960\" height=\"512\" src=\"https:\/\/trustcompany.io\/wp-content\/uploads\/2024\/06\/EU_VertexS435W_p01.jpg\" class=\"vc_single_image-img attachment-full\" alt=\"\" title=\"EU__p01\" srcset=\"https:\/\/trustcompany.io\/wp-content\/uploads\/2024\/06\/EU_VertexS435W_p01.jpg 960w, https:\/\/trustcompany.io\/wp-content\/uploads\/2024\/06\/EU_VertexS435W_p01-300x160.jpg 300w, https:\/\/trustcompany.io\/wp-content\/uploads\/2024\/06\/EU_VertexS435W_p01-768x410.jpg 768w\" sizes=\"auto, (max-width: 960px) 100vw, 960px\" \/><\/div>\n\t\t<\/figure>\n\t<\/div>\n<\/div><\/div><\/div><\/div><div class=\"vc_row wpb_row vc_inner vc_row-fluid\"><div class=\"wpb_column vc_column_container vc_col-sm-12\"><div class=\"vc_column-inner\"><div class=\"wpb_wrapper\">\n\t<div class=\"wpb_text_column wpb_content_element\" >\n\t\t<div class=\"wpb_wrapper\">\n\t\t\t<p>Certes, les taux d\u2019installation r\u00e9els sont jusqu\u2019\u00e0 pr\u00e9sent bien en de\u00e7\u00e0 du potentiel\nr\u00e9el. Avec environ 6,6(GW), le continent africain ne repr\u00e9sentait qu\u2019environ 1 % de la\ncapacit\u00e9 photovolta\u00efque install\u00e9e dans le monde \u00e0 la fin de 2019. Mais\nl\u2019\u00e9lectrification et les \u00e9nergies renouvelables occupent une place de plus en plus\nimportante dans l\u2019agenda politique.<\/p>\n<p>\u00a0<\/p>\n<p><img loading=\"lazy\" decoding=\"async\" class=\"alignnone wp-image-11164\" src=\"https:\/\/trustcompany.io\/wp-content\/uploads\/2024\/06\/Capture1141-300x224.png\" alt=\"\" width=\"448\" height=\"334\" srcset=\"https:\/\/trustcompany.io\/wp-content\/uploads\/2024\/06\/Capture1141-300x224.png 300w, https:\/\/trustcompany.io\/wp-content\/uploads\/2024\/06\/Capture1141-768x573.png 768w, https:\/\/trustcompany.io\/wp-content\/uploads\/2024\/06\/Capture1141.png 943w\" sizes=\"auto, (max-width: 448px) 100vw, 448px\" \/><\/p>\n<p>Certains projets de grande envergure sont pr\u00e9vus dans de nombreux pays africains,\net le cadre politique s\u2019am\u00e9liore \u00e9galement de fa\u00e7on constante.<\/p>\n<p>Un rapport montre dans quatre sc\u00e9narios comment le photovolta\u00efque peut se\nd\u00e9velopper en Afrique \u00e0 l\u2019avenir. Les sc\u00e9narios \u201cPolicy driven\u201d et \u201cBusiness as\nusual\u201d s\u2019appuient sur les objectifs d\u2019expansion actuels des diff\u00e9rents pays et\nsupposent une capacit\u00e9 cumul\u00e9e d\u2019environ 70 GW de photovolta\u00efque en 2030. Le\nsc\u00e9nario \u201cSolarize Africa Accelerated\u201d pr\u00e9voit un d\u00e9veloppement du photovolta\u00efque\nen Afrique similaire \u00e0 celui des autres r\u00e9gions du monde et suppose une capacit\u00e9\ninstall\u00e9e de 170 GW d\u2019ici 2030.<\/p>\n<p><img loading=\"lazy\" decoding=\"async\" class=\"alignnone wp-image-11166\" src=\"https:\/\/trustcompany.io\/wp-content\/uploads\/2024\/06\/Or-300x163.jpg\" alt=\"\" width=\"504\" height=\"274\" srcset=\"https:\/\/trustcompany.io\/wp-content\/uploads\/2024\/06\/Or-300x163.jpg 300w, https:\/\/trustcompany.io\/wp-content\/uploads\/2024\/06\/Or.jpg 512w\" sizes=\"auto, (max-width: 504px) 100vw, 504px\" \/><\/p>\n<p>Les march\u00e9s africains vont en partie sauter l\u2019\u00e2ge fossile. C\u2019est l\u2019hypoth\u00e8se centrale du quatri\u00e8me sc\u00e9nario, le changement de\nparadigme de Solarize Africa. Avec une capacit\u00e9 cumul\u00e9e de 600 GW d\u2019ici 2030, ce\nsc\u00e9nario consid\u00e8re l\u2019Afrique comme une r\u00e9gion importante sur le march\u00e9 mondial\ndu photovolta\u00efque \u00e0 l\u2019avenir.<\/p>\n<p>Avec un demi-milliard de personnes en Afrique subsaharienne qui vivent sans acc\u00e8s\n\u00e0 l\u2019\u00e9lectricit\u00e9, il existe \u00e9galement un immense potentiel de r\u00e9seaux d\u2019\u00e9lectricit\u00e9\nd\u00e9connect\u00e9s localement, ou micro-r\u00e9seaux. L\u2019utilisation du photovolta\u00efque pour un\napprovisionnement en eau s\u00fbr et respectueux de l\u2019environnement offre \u00e9galement\nd\u2019\u00e9normes possibilit\u00e9s, qu\u2019il s\u2019agisse d\u2019usines de dessalement et de traitement de\nl\u2019eau ou de stations de pompage fonctionnant \u00e0 l\u2019\u00e9nergie solaire. Apr\u00e8s tout, un\nmilliard de personnes en Afrique n\u2019ont toujours pas acc\u00e8s \u00e0 l\u2019eau potable.\nL\u2019int\u00e9gralit\u00e9 du rapport <a href=\"https:\/\/www.thesmartere.de\/publications\/intersolar-solarize-africa-market-report?lang=en\">Intersolar Solarize Africa Market Report 2020 is available <\/a>\nfor free download<\/p>\n\n\t\t<\/div>\n\t<\/div>\n<\/div><\/div><\/div><\/div><\/div><\/div><h5 class='dt-sc-toggle-accordion'><a href='#'>Solar generators<\/a><\/h5><div class=\"dt-sc-toggle-content\" style=\"display: none;\"><div class=\"block\"><\/div><\/div><\/div><div class=\"ult-spacer spacer-69f374d03ba00\" data-id=\"69f374d03ba00\" data-height=\"30\" data-height-mobile=\"30\" data-height-tab=\"30\" data-height-tab-portrait=\"\" data-height-mobile-landscape=\"\" style=\"clear:both;display:block;\"><\/div><\/div><\/div><\/div><\/div><div class=\"vc_row wpb_row vc_row-fluid wpb_animate_when_almost_visible wpb_fadeInUp fadeInUp vc_custom_1503992511453\"><div class=\"wpb_column vc_column_container vc_col-sm-12\"><div class=\"vc_column-inner\"><div class=\"wpb_wrapper\"><div class=\"ult-spacer spacer-69f374d03be5d\" data-id=\"69f374d03be5d\" data-height=\"30\" data-height-mobile=\"30\" data-height-tab=\"30\" data-height-tab-portrait=\"\" data-height-mobile-landscape=\"\" style=\"clear:both;display:block;\"><\/div>\n\t<div class=\"wpb_text_column wpb_content_element\" >\n\t\t<div class=\"wpb_wrapper\">\n\t\t\t<p>It is essential for these countries to focus on:<\/p>\n<ul>\n<li>Les technologies \u00e0 usage productif comprennent l\u2019\u00e9nergie pour l\u2019agriculture, l\u2019\u00e9clairage, le refroidissement et les utilisations commerciales et industrielles.<\/li>\n<li>Technologies \u00e9lectriques renouvelables et d\u00e9centralis\u00e9es, notamment solaire photovolta\u00efque, biogaz, pico-hydro, technologies de la biomasse et syst\u00e8mes \u00e9lectriques hybrides aliment\u00e9s par une source d\u2019\u00e9nergie renouvelable.<\/li>\n<li>Des solutions thermiques propres, plus propres et am\u00e9lior\u00e9es, y compris le GPL, l\u2019\u00e9thanol, le biogaz et les applications bas\u00e9es sur les briquettes, pour des utilisations domestiques, sociales et productives.<\/li>\n<\/ul>\n\n\t\t<\/div>\n\t<\/div>\n<\/div><\/div><\/div><\/div>\n<\/div>","protected":false},"excerpt":{"rendered":"Les \u00c9nergies Nouvelles La croissance d\u00e9mographique en Afrique continue de stimuler la demande de sources alternatives de lumi\u00e8re et d'\u00e9nergie. Ces sources sont n\u00e9cessaires pour toute une s\u00e9rie d'utilisations, depuis les besoins en \u00e9lectricit\u00e9 de base jusqu'aux technologies de production d'\u00e9nergie. Les solutions de cuisson propres sont \u00e9galement essentielles \u00e0 la sant\u00e9 et au bien-\u00eatre [...]","protected":false},"author":1,"featured_media":0,"parent":8848,"menu_order":0,"comment_status":"closed","ping_status":"closed","template":"tpl-sidenavigation.php","meta":{"footnotes":""},"class_list":["post-8908","page","type-page","status-publish","hentry"],"_links":{"self":[{"href":"https:\/\/trustcompany.io\/en\/wp-json\/wp\/v2\/pages\/8908","targetHints":{"allow":["GET"]}}],"collection":[{"href":"https:\/\/trustcompany.io\/en\/wp-json\/wp\/v2\/pages"}],"about":[{"href":"https:\/\/trustcompany.io\/en\/wp-json\/wp\/v2\/types\/page"}],"author":[{"embeddable":true,"href":"https:\/\/trustcompany.io\/en\/wp-json\/wp\/v2\/users\/1"}],"replies":[{"embeddable":true,"href":"https:\/\/trustcompany.io\/en\/wp-json\/wp\/v2\/comments?post=8908"}],"version-history":[{"count":11,"href":"https:\/\/trustcompany.io\/en\/wp-json\/wp\/v2\/pages\/8908\/revisions"}],"predecessor-version":[{"id":11167,"href":"https:\/\/trustcompany.io\/en\/wp-json\/wp\/v2\/pages\/8908\/revisions\/11167"}],"up":[{"embeddable":true,"href":"https:\/\/trustcompany.io\/en\/wp-json\/wp\/v2\/pages\/8848"}],"wp:attachment":[{"href":"https:\/\/trustcompany.io\/en\/wp-json\/wp\/v2\/media?parent=8908"}],"curies":[{"name":"wp","href":"https:\/\/api.w.org\/{rel}","templated":true}]}}